{"id":9525,"date":"2025-03-07T03:01:23","date_gmt":"2025-03-07T03:01:23","guid":{"rendered":"https:\/\/rhabalmadinah.sa\/product\/\u0632\u064a\u0627\u0631\u0629-\u0627\u0644\u0645\u0639\u0627\u0631\u0636-\u0648\u0627\u0644\u0645\u062a\u0627\u062d\u0641-\u0627\u0644\u0625\u0633\u0644\u0627\u0645\u064a\u0629-\u0641\u0631\u062f\/"},"modified":"2025-05-24T20:07:41","modified_gmt":"2025-05-24T20:07:41","slug":"visite-des-expositions-et-des-musees-islamiques","status":"publish","type":"product","link":"https:\/\/rhabalmadinah.sa\/fr\/produit\/visite-des-expositions-et-des-musees-islamiques\/","title":{"rendered":"Visite des expositions et des mus\u00e9es islamiques"},"content":{"rendered":"<p>Visites des mus\u00e9es de M\u00e9dine tels que le Mus\u00e9e Dar Al-Madina, le Mus\u00e9e de la S\u012bra du Proph\u00e8te, le Mus\u00e9e du Coran et le Complexe du Roi Fahd pour l\u2019impression du Saint Coran.<\/p>\n","protected":false},"excerpt":{"rendered":"<p>Visites des mus\u00e9es de M\u00e9dine tels que le Mus\u00e9e Dar Al-Madina, le Mus\u00e9e de la S\u012bra du Proph\u00e8te, le Mus\u00e9e du Coran et le Complexe du Roi Fahd pour l\u2019impression du Saint Coran.<\/p>\n","protected":false},"featured_media":8221,"comment_status":"open","ping_status":"closed","template":"","meta":{"_acf_changed":false},"product_brand":[],"product_cat":[134],"product_tag":[],"class_list":{"0":"post-9525","1":"product","2":"type-product","3":"status-publish","4":"has-post-thumbnail","6":"product_cat-services-de-divertissement-et-touristiques","8":"first","9":"instock","10":"virtual","11":"product-type-simple"},"acf":[],"aioseo_notices":[],"_links":{"self":[{"href":"https:\/\/rhabalmadinah.sa\/fr\/wp-json\/wp\/v2\/product\/9525","targetHints":{"allow":["GET"]}}],"collection":[{"href":"https:\/\/rhabalmadinah.sa\/fr\/wp-json\/wp\/v2\/product"}],"about":[{"href":"https:\/\/rhabalmadinah.sa\/fr\/wp-json\/wp\/v2\/types\/product"}],"replies":[{"embeddable":true,"href":"https:\/\/rhabalmadinah.sa\/fr\/wp-json\/wp\/v2\/comments?post=9525"}],"wp:featuredmedia":[{"embeddable":true,"href":"https:\/\/rhabalmadinah.sa\/fr\/wp-json\/wp\/v2\/media\/8221"}],"wp:attachment":[{"href":"https:\/\/rhabalmadinah.sa\/fr\/wp-json\/wp\/v2\/media?parent=9525"}],"wp:term":[{"taxonomy":"product_brand","embeddable":true,"href":"https:\/\/rhabalmadinah.sa\/fr\/wp-json\/wp\/v2\/product_brand?post=9525"},{"taxonomy":"product_cat","embeddable":true,"href":"https:\/\/rhabalmadinah.sa\/fr\/wp-json\/wp\/v2\/product_cat?post=9525"},{"taxonomy":"product_tag","embeddable":true,"href":"https:\/\/rhabalmadinah.sa\/fr\/wp-json\/wp\/v2\/product_tag?post=9525"}],"curies":[{"name":"wp","href":"https:\/\/api.w.org\/{rel}","templated":true}]}}