{"id":9511,"date":"2025-03-07T02:58:30","date_gmt":"2025-03-07T02:58:30","guid":{"rendered":"https:\/\/rhabalmadinah.sa\/product\/visite-des-marches-traditionnels-et-patrimoniaux\/"},"modified":"2025-05-24T19:55:25","modified_gmt":"2025-05-24T19:55:25","slug":"visite-des-marches-traditionnels-et-patrimoniaux","status":"publish","type":"product","link":"https:\/\/rhabalmadinah.sa\/fr\/produit\/visite-des-marches-traditionnels-et-patrimoniaux\/","title":{"rendered":"Visite des march\u00e9s traditionnels et patrimoniaux"},"content":{"rendered":"<p><span data-sheets-root=\"1\">Visite des anciens march\u00e9s comme le Souk Al-Manakha, pour d\u00e9couvrir la culture locale et acqu\u00e9rir des produits traditionnels.<\/span><\/p>\n","protected":false},"excerpt":{"rendered":"<p><span data-sheets-root=\"1\">Visite des anciens march\u00e9s comme le Souk Al-Manakha, pour d\u00e9couvrir la culture locale et acqu\u00e9rir des produits traditionnels.<\/span><\/p>\n","protected":false},"featured_media":8249,"comment_status":"open","ping_status":"closed","template":"","meta":{"_acf_changed":false},"product_brand":[],"product_cat":[134],"product_tag":[],"class_list":{"0":"post-9511","1":"product","2":"type-product","3":"status-publish","4":"has-post-thumbnail","6":"product_cat-services-de-divertissement-et-touristiques","8":"first","9":"instock","10":"virtual","11":"product-type-simple"},"acf":[],"aioseo_notices":[],"_links":{"self":[{"href":"https:\/\/rhabalmadinah.sa\/fr\/wp-json\/wp\/v2\/product\/9511","targetHints":{"allow":["GET"]}}],"collection":[{"href":"https:\/\/rhabalmadinah.sa\/fr\/wp-json\/wp\/v2\/product"}],"about":[{"href":"https:\/\/rhabalmadinah.sa\/fr\/wp-json\/wp\/v2\/types\/product"}],"replies":[{"embeddable":true,"href":"https:\/\/rhabalmadinah.sa\/fr\/wp-json\/wp\/v2\/comments?post=9511"}],"wp:featuredmedia":[{"embeddable":true,"href":"https:\/\/rhabalmadinah.sa\/fr\/wp-json\/wp\/v2\/media\/8249"}],"wp:attachment":[{"href":"https:\/\/rhabalmadinah.sa\/fr\/wp-json\/wp\/v2\/media?parent=9511"}],"wp:term":[{"taxonomy":"product_brand","embeddable":true,"href":"https:\/\/rhabalmadinah.sa\/fr\/wp-json\/wp\/v2\/product_brand?post=9511"},{"taxonomy":"product_cat","embeddable":true,"href":"https:\/\/rhabalmadinah.sa\/fr\/wp-json\/wp\/v2\/product_cat?post=9511"},{"taxonomy":"product_tag","embeddable":true,"href":"https:\/\/rhabalmadinah.sa\/fr\/wp-json\/wp\/v2\/product_tag?post=9511"}],"curies":[{"name":"wp","href":"https:\/\/api.w.org\/{rel}","templated":true}]}}