{"id":9504,"date":"2025-03-07T03:02:52","date_gmt":"2025-03-07T03:02:52","guid":{"rendered":"https:\/\/rhabalmadinah.sa\/product\/organisation-de-sorties-pour-les-ecoles-et-les-associations\/"},"modified":"2025-05-24T19:51:10","modified_gmt":"2025-05-24T19:51:10","slug":"organisation-de-sorties-pour-les-ecoles-et-les-associations","status":"publish","type":"product","link":"https:\/\/rhabalmadinah.sa\/fr\/produit\/organisation-de-sorties-pour-les-ecoles-et-les-associations\/","title":{"rendered":"Organisation de sorties pour les \u00e9coles et les associations"},"content":{"rendered":"<p>Organisation de voyages sp\u00e9ciaux pour les \u00e9coles et les associations, avec des services adapt\u00e9s aux \u00e9l\u00e8ves et aux accompagnateurs, comprenant les r\u00e9servations h\u00f4teli\u00e8res, des activit\u00e9s et animations ludiques, des visites de sites historiques, ainsi qu\u2019un service de documentation.<\/p>\n","protected":false},"excerpt":{"rendered":"<p>Organisation de voyages sp\u00e9ciaux pour les \u00e9coles et les associations, avec des services adapt\u00e9s aux \u00e9l\u00e8ves et aux accompagnateurs, comprenant les r\u00e9servations h\u00f4teli\u00e8res, des activit\u00e9s et animations ludiques, des visites de sites historiques, ainsi qu\u2019un service de documentation.<\/p>\n","protected":false},"featured_media":8244,"comment_status":"open","ping_status":"closed","template":"","meta":{"_acf_changed":false},"product_brand":[],"product_cat":[134],"product_tag":[],"class_list":{"0":"post-9504","1":"product","2":"type-product","3":"status-publish","4":"has-post-thumbnail","6":"product_cat-services-de-divertissement-et-touristiques","8":"first","9":"instock","10":"virtual","11":"product-type-simple"},"acf":[],"aioseo_notices":[],"_links":{"self":[{"href":"https:\/\/rhabalmadinah.sa\/fr\/wp-json\/wp\/v2\/product\/9504","targetHints":{"allow":["GET"]}}],"collection":[{"href":"https:\/\/rhabalmadinah.sa\/fr\/wp-json\/wp\/v2\/product"}],"about":[{"href":"https:\/\/rhabalmadinah.sa\/fr\/wp-json\/wp\/v2\/types\/product"}],"replies":[{"embeddable":true,"href":"https:\/\/rhabalmadinah.sa\/fr\/wp-json\/wp\/v2\/comments?post=9504"}],"wp:featuredmedia":[{"embeddable":true,"href":"https:\/\/rhabalmadinah.sa\/fr\/wp-json\/wp\/v2\/media\/8244"}],"wp:attachment":[{"href":"https:\/\/rhabalmadinah.sa\/fr\/wp-json\/wp\/v2\/media?parent=9504"}],"wp:term":[{"taxonomy":"product_brand","embeddable":true,"href":"https:\/\/rhabalmadinah.sa\/fr\/wp-json\/wp\/v2\/product_brand?post=9504"},{"taxonomy":"product_cat","embeddable":true,"href":"https:\/\/rhabalmadinah.sa\/fr\/wp-json\/wp\/v2\/product_cat?post=9504"},{"taxonomy":"product_tag","embeddable":true,"href":"https:\/\/rhabalmadinah.sa\/fr\/wp-json\/wp\/v2\/product_tag?post=9504"}],"curies":[{"name":"wp","href":"https:\/\/api.w.org\/{rel}","templated":true}]}}