{"id":8338,"date":"2025-03-07T03:07:08","date_gmt":"2025-03-07T03:07:08","guid":{"rendered":"https:\/\/rhabalmadinah.sa\/product\/"},"modified":"2025-04-10T05:39:38","modified_gmt":"2025-04-10T05:39:38","slug":"accueil-et-depart-de-vers-laeroport","status":"publish","type":"product","link":"https:\/\/rhabalmadinah.sa\/fr\/produit\/accueil-et-depart-de-vers-laeroport\/","title":{"rendered":"Accueil et d\u00e9part de\/vers l&rsquo;a\u00e9roport"},"content":{"rendered":"<p>Services de transport confortables de l&rsquo;a\u00e9roport vers le lieu d&rsquo;h\u00e9bergement et vice versa, avec accueil personnalis\u00e9.<\/p>\n","protected":false},"excerpt":{"rendered":"<p>Services de transport confortables de l&rsquo;a\u00e9roport vers le lieu d&rsquo;h\u00e9bergement et vice versa, avec accueil personnalis\u00e9.<\/p>\n","protected":false},"featured_media":8332,"comment_status":"open","ping_status":"closed","template":"","meta":{"_acf_changed":false},"product_brand":[],"product_cat":[135],"product_tag":[],"class_list":{"0":"post-8338","1":"product","2":"type-product","3":"status-publish","4":"has-post-thumbnail","6":"product_cat-services-generaux","8":"first","9":"instock","10":"virtual","11":"product-type-simple"},"acf":[],"aioseo_notices":[],"_links":{"self":[{"href":"https:\/\/rhabalmadinah.sa\/fr\/wp-json\/wp\/v2\/product\/8338","targetHints":{"allow":["GET"]}}],"collection":[{"href":"https:\/\/rhabalmadinah.sa\/fr\/wp-json\/wp\/v2\/product"}],"about":[{"href":"https:\/\/rhabalmadinah.sa\/fr\/wp-json\/wp\/v2\/types\/product"}],"replies":[{"embeddable":true,"href":"https:\/\/rhabalmadinah.sa\/fr\/wp-json\/wp\/v2\/comments?post=8338"}],"wp:featuredmedia":[{"embeddable":true,"href":"https:\/\/rhabalmadinah.sa\/fr\/wp-json\/wp\/v2\/media\/8332"}],"wp:attachment":[{"href":"https:\/\/rhabalmadinah.sa\/fr\/wp-json\/wp\/v2\/media?parent=8338"}],"wp:term":[{"taxonomy":"product_brand","embeddable":true,"href":"https:\/\/rhabalmadinah.sa\/fr\/wp-json\/wp\/v2\/product_brand?post=8338"},{"taxonomy":"product_cat","embeddable":true,"href":"https:\/\/rhabalmadinah.sa\/fr\/wp-json\/wp\/v2\/product_cat?post=8338"},{"taxonomy":"product_tag","embeddable":true,"href":"https:\/\/rhabalmadinah.sa\/fr\/wp-json\/wp\/v2\/product_tag?post=8338"}],"curies":[{"name":"wp","href":"https:\/\/api.w.org\/{rel}","templated":true}]}}