{"id":8330,"date":"2025-03-07T03:10:39","date_gmt":"2025-03-07T03:10:39","guid":{"rendered":"https:\/\/rhabalmadinah.sa\/product\/"},"modified":"2025-04-10T05:33:33","modified_gmt":"2025-04-10T05:33:33","slug":"fourniture-de-repas-dhotel-et-dhospitalite-saoudienne","status":"publish","type":"product","link":"https:\/\/rhabalmadinah.sa\/fr\/produit\/fourniture-de-repas-dhotel-et-dhospitalite-saoudienne\/","title":{"rendered":"Fourniture de repas d&rsquo;h\u00f4tel et d&rsquo;hospitalit\u00e9 saoudienne"},"content":{"rendered":"<p>Offrir des repas traditionnels saoudiens dans le cadre des forfaits d&rsquo;h\u00e9bergement, avec une exp\u00e9rience d&rsquo;hospitalit\u00e9 arabe authentique.<\/p>\n","protected":false},"excerpt":{"rendered":"<p>Offrir des repas traditionnels saoudiens dans le cadre des forfaits d&rsquo;h\u00e9bergement, avec une exp\u00e9rience d&rsquo;hospitalit\u00e9 arabe authentique.<\/p>\n","protected":false},"featured_media":8324,"comment_status":"open","ping_status":"closed","template":"","meta":{"_acf_changed":false},"product_brand":[],"product_cat":[135],"product_tag":[],"class_list":{"0":"post-8330","1":"product","2":"type-product","3":"status-publish","4":"has-post-thumbnail","6":"product_cat-services-generaux","8":"first","9":"instock","10":"virtual","11":"product-type-simple"},"acf":[],"aioseo_notices":[],"_links":{"self":[{"href":"https:\/\/rhabalmadinah.sa\/fr\/wp-json\/wp\/v2\/product\/8330","targetHints":{"allow":["GET"]}}],"collection":[{"href":"https:\/\/rhabalmadinah.sa\/fr\/wp-json\/wp\/v2\/product"}],"about":[{"href":"https:\/\/rhabalmadinah.sa\/fr\/wp-json\/wp\/v2\/types\/product"}],"replies":[{"embeddable":true,"href":"https:\/\/rhabalmadinah.sa\/fr\/wp-json\/wp\/v2\/comments?post=8330"}],"wp:featuredmedia":[{"embeddable":true,"href":"https:\/\/rhabalmadinah.sa\/fr\/wp-json\/wp\/v2\/media\/8324"}],"wp:attachment":[{"href":"https:\/\/rhabalmadinah.sa\/fr\/wp-json\/wp\/v2\/media?parent=8330"}],"wp:term":[{"taxonomy":"product_brand","embeddable":true,"href":"https:\/\/rhabalmadinah.sa\/fr\/wp-json\/wp\/v2\/product_brand?post=8330"},{"taxonomy":"product_cat","embeddable":true,"href":"https:\/\/rhabalmadinah.sa\/fr\/wp-json\/wp\/v2\/product_cat?post=8330"},{"taxonomy":"product_tag","embeddable":true,"href":"https:\/\/rhabalmadinah.sa\/fr\/wp-json\/wp\/v2\/product_tag?post=8330"}],"curies":[{"name":"wp","href":"https:\/\/api.w.org\/{rel}","templated":true}]}}