{"id":8322,"date":"2025-03-07T03:09:25","date_gmt":"2025-03-07T03:09:25","guid":{"rendered":"https:\/\/rhabalmadinah.sa\/product\/"},"modified":"2025-04-10T05:28:19","modified_gmt":"2025-04-10T05:28:19","slug":"organisation-de-lhebergement-et-du-logement-a-lhotel","status":"publish","type":"product","link":"https:\/\/rhabalmadinah.sa\/fr\/produit\/organisation-de-lhebergement-et-du-logement-a-lhotel\/","title":{"rendered":"Organisation de l&rsquo;h\u00e9bergement et du logement \u00e0 l&rsquo;h\u00f4tel"},"content":{"rendered":"<p>Fourniture de r\u00e9servations dans des h\u00f4tels de luxe ou des appartements meubl\u00e9s proches de la mosqu\u00e9e du Proph\u00e8te.<\/p>\n","protected":false},"excerpt":{"rendered":"<p>Fourniture de r\u00e9servations dans des h\u00f4tels de luxe ou des appartements meubl\u00e9s proches de la mosqu\u00e9e du Proph\u00e8te.<\/p>\n","protected":false},"featured_media":8316,"comment_status":"open","ping_status":"closed","template":"","meta":{"_acf_changed":false},"product_brand":[],"product_cat":[135],"product_tag":[],"class_list":{"0":"post-8322","1":"product","2":"type-product","3":"status-publish","4":"has-post-thumbnail","6":"product_cat-services-generaux","8":"first","9":"instock","10":"virtual","11":"product-type-simple"},"acf":[],"aioseo_notices":[],"_links":{"self":[{"href":"https:\/\/rhabalmadinah.sa\/fr\/wp-json\/wp\/v2\/product\/8322","targetHints":{"allow":["GET"]}}],"collection":[{"href":"https:\/\/rhabalmadinah.sa\/fr\/wp-json\/wp\/v2\/product"}],"about":[{"href":"https:\/\/rhabalmadinah.sa\/fr\/wp-json\/wp\/v2\/types\/product"}],"replies":[{"embeddable":true,"href":"https:\/\/rhabalmadinah.sa\/fr\/wp-json\/wp\/v2\/comments?post=8322"}],"wp:featuredmedia":[{"embeddable":true,"href":"https:\/\/rhabalmadinah.sa\/fr\/wp-json\/wp\/v2\/media\/8316"}],"wp:attachment":[{"href":"https:\/\/rhabalmadinah.sa\/fr\/wp-json\/wp\/v2\/media?parent=8322"}],"wp:term":[{"taxonomy":"product_brand","embeddable":true,"href":"https:\/\/rhabalmadinah.sa\/fr\/wp-json\/wp\/v2\/product_brand?post=8322"},{"taxonomy":"product_cat","embeddable":true,"href":"https:\/\/rhabalmadinah.sa\/fr\/wp-json\/wp\/v2\/product_cat?post=8322"},{"taxonomy":"product_tag","embeddable":true,"href":"https:\/\/rhabalmadinah.sa\/fr\/wp-json\/wp\/v2\/product_tag?post=8322"}],"curies":[{"name":"wp","href":"https:\/\/api.w.org\/{rel}","templated":true}]}}