{"id":8291,"date":"2025-03-07T03:18:18","date_gmt":"2025-03-07T03:18:18","guid":{"rendered":"https:\/\/rhabalmadinah.sa\/product\/"},"modified":"2025-04-10T03:48:21","modified_gmt":"2025-04-10T03:48:21","slug":"experience-du-oud-et-des-parfums-arabes","status":"publish","type":"product","link":"https:\/\/rhabalmadinah.sa\/fr\/produit\/experience-du-oud-et-des-parfums-arabes\/","title":{"rendered":"Exp\u00e9rience du oud et des parfums arabes"},"content":{"rendered":"<p>Visite des magasins de oud et exp\u00e9rience de la cr\u00e9ation de parfums orientaux uniques.<\/p>\n","protected":false},"excerpt":{"rendered":"<p>Visite des magasins de oud et exp\u00e9rience de la cr\u00e9ation de parfums orientaux uniques.<\/p>\n","protected":false},"featured_media":7488,"comment_status":"open","ping_status":"closed","template":"","meta":{"_acf_changed":false},"product_brand":[],"product_cat":[135],"product_tag":[],"class_list":{"0":"post-8291","1":"product","2":"type-product","3":"status-publish","4":"has-post-thumbnail","6":"product_cat-services-generaux","8":"first","9":"instock","10":"virtual","11":"product-type-simple"},"acf":[],"aioseo_notices":[],"_links":{"self":[{"href":"https:\/\/rhabalmadinah.sa\/fr\/wp-json\/wp\/v2\/product\/8291","targetHints":{"allow":["GET"]}}],"collection":[{"href":"https:\/\/rhabalmadinah.sa\/fr\/wp-json\/wp\/v2\/product"}],"about":[{"href":"https:\/\/rhabalmadinah.sa\/fr\/wp-json\/wp\/v2\/types\/product"}],"replies":[{"embeddable":true,"href":"https:\/\/rhabalmadinah.sa\/fr\/wp-json\/wp\/v2\/comments?post=8291"}],"wp:featuredmedia":[{"embeddable":true,"href":"https:\/\/rhabalmadinah.sa\/fr\/wp-json\/wp\/v2\/media\/7488"}],"wp:attachment":[{"href":"https:\/\/rhabalmadinah.sa\/fr\/wp-json\/wp\/v2\/media?parent=8291"}],"wp:term":[{"taxonomy":"product_brand","embeddable":true,"href":"https:\/\/rhabalmadinah.sa\/fr\/wp-json\/wp\/v2\/product_brand?post=8291"},{"taxonomy":"product_cat","embeddable":true,"href":"https:\/\/rhabalmadinah.sa\/fr\/wp-json\/wp\/v2\/product_cat?post=8291"},{"taxonomy":"product_tag","embeddable":true,"href":"https:\/\/rhabalmadinah.sa\/fr\/wp-json\/wp\/v2\/product_tag?post=8291"}],"curies":[{"name":"wp","href":"https:\/\/api.w.org\/{rel}","templated":true}]}}