{"id":8288,"date":"2025-03-07T03:16:54","date_gmt":"2025-03-07T03:16:54","guid":{"rendered":"https:\/\/rhabalmadinah.sa\/product\/"},"modified":"2025-04-10T03:41:57","modified_gmt":"2025-04-10T03:41:57","slug":"detail-des-vetements-et-des-habits-traditionnels-saoudiens","status":"publish","type":"product","link":"https:\/\/rhabalmadinah.sa\/fr\/produit\/detail-des-vetements-et-des-habits-traditionnels-saoudiens\/","title":{"rendered":"D\u00e9tail des v\u00eatements et des habits traditionnels saoudiens"},"content":{"rendered":"<p>Fournir des services de confection de v\u00eatements traditionnels saoudiens, tels que le thobe, le ghutra et l&rsquo;abaya, avec des designs personnalis\u00e9s pour les visiteurs.<\/p>\n","protected":false},"excerpt":{"rendered":"<p>Fournir des services de confection de v\u00eatements traditionnels saoudiens, tels que le thobe, le ghutra et l&rsquo;abaya, avec des designs personnalis\u00e9s pour les visiteurs.<\/p>\n","protected":false},"featured_media":8275,"comment_status":"open","ping_status":"closed","template":"","meta":{"_acf_changed":false},"product_brand":[],"product_cat":[135],"product_tag":[],"class_list":{"0":"post-8288","1":"product","2":"type-product","3":"status-publish","4":"has-post-thumbnail","6":"product_cat-services-generaux","8":"first","9":"instock","10":"virtual","11":"product-type-simple"},"acf":[],"aioseo_notices":[],"_links":{"self":[{"href":"https:\/\/rhabalmadinah.sa\/fr\/wp-json\/wp\/v2\/product\/8288","targetHints":{"allow":["GET"]}}],"collection":[{"href":"https:\/\/rhabalmadinah.sa\/fr\/wp-json\/wp\/v2\/product"}],"about":[{"href":"https:\/\/rhabalmadinah.sa\/fr\/wp-json\/wp\/v2\/types\/product"}],"replies":[{"embeddable":true,"href":"https:\/\/rhabalmadinah.sa\/fr\/wp-json\/wp\/v2\/comments?post=8288"}],"wp:featuredmedia":[{"embeddable":true,"href":"https:\/\/rhabalmadinah.sa\/fr\/wp-json\/wp\/v2\/media\/8275"}],"wp:attachment":[{"href":"https:\/\/rhabalmadinah.sa\/fr\/wp-json\/wp\/v2\/media?parent=8288"}],"wp:term":[{"taxonomy":"product_brand","embeddable":true,"href":"https:\/\/rhabalmadinah.sa\/fr\/wp-json\/wp\/v2\/product_brand?post=8288"},{"taxonomy":"product_cat","embeddable":true,"href":"https:\/\/rhabalmadinah.sa\/fr\/wp-json\/wp\/v2\/product_cat?post=8288"},{"taxonomy":"product_tag","embeddable":true,"href":"https:\/\/rhabalmadinah.sa\/fr\/wp-json\/wp\/v2\/product_tag?post=8288"}],"curies":[{"name":"wp","href":"https:\/\/api.w.org\/{rel}","templated":true}]}}