{"id":8228,"date":"2025-03-07T02:55:42","date_gmt":"2025-03-07T02:55:42","guid":{"rendered":"https:\/\/rhabalmadinah.sa\/?post_type=product&#038;p=8228"},"modified":"2025-05-24T19:06:12","modified_gmt":"2025-05-24T19:06:12","slug":"visites-de-fermes-de-dattiers","status":"publish","type":"product","link":"https:\/\/rhabalmadinah.sa\/fr\/produit\/visites-de-fermes-de-dattiers\/","title":{"rendered":"Visites de fermes de dattiers"},"content":{"rendered":"<p>Organisation de visites dans les c\u00e9l\u00e8bres fermes de dattiers, avec la possibilit\u00e9 de s\u2019asseoir sous les palmiers et de profiter de l\u2019atmosph\u00e8re enchanteresse de M\u00e9dine<\/p>\n","protected":false},"excerpt":{"rendered":"<p>Organisation de visites dans les c\u00e9l\u00e8bres fermes de dattiers, avec la possibilit\u00e9 de s\u2019asseoir sous les palmiers et de profiter de l\u2019atmosph\u00e8re enchanteresse de M\u00e9dine<\/p>\n","protected":false},"featured_media":7452,"comment_status":"open","ping_status":"closed","template":"","meta":{"_acf_changed":false},"product_brand":[],"product_cat":[134],"product_tag":[],"class_list":{"0":"post-8228","1":"product","2":"type-product","3":"status-publish","4":"has-post-thumbnail","6":"product_cat-services-de-divertissement-et-touristiques","8":"first","9":"instock","10":"virtual","11":"product-type-simple"},"acf":[],"aioseo_notices":[],"_links":{"self":[{"href":"https:\/\/rhabalmadinah.sa\/fr\/wp-json\/wp\/v2\/product\/8228","targetHints":{"allow":["GET"]}}],"collection":[{"href":"https:\/\/rhabalmadinah.sa\/fr\/wp-json\/wp\/v2\/product"}],"about":[{"href":"https:\/\/rhabalmadinah.sa\/fr\/wp-json\/wp\/v2\/types\/product"}],"replies":[{"embeddable":true,"href":"https:\/\/rhabalmadinah.sa\/fr\/wp-json\/wp\/v2\/comments?post=8228"}],"wp:featuredmedia":[{"embeddable":true,"href":"https:\/\/rhabalmadinah.sa\/fr\/wp-json\/wp\/v2\/media\/7452"}],"wp:attachment":[{"href":"https:\/\/rhabalmadinah.sa\/fr\/wp-json\/wp\/v2\/media?parent=8228"}],"wp:term":[{"taxonomy":"product_brand","embeddable":true,"href":"https:\/\/rhabalmadinah.sa\/fr\/wp-json\/wp\/v2\/product_brand?post=8228"},{"taxonomy":"product_cat","embeddable":true,"href":"https:\/\/rhabalmadinah.sa\/fr\/wp-json\/wp\/v2\/product_cat?post=8228"},{"taxonomy":"product_tag","embeddable":true,"href":"https:\/\/rhabalmadinah.sa\/fr\/wp-json\/wp\/v2\/product_tag?post=8228"}],"curies":[{"name":"wp","href":"https:\/\/api.w.org\/{rel}","templated":true}]}}