{"id":8208,"date":"2025-03-07T02:52:57","date_gmt":"2025-03-07T02:52:57","guid":{"rendered":"https:\/\/rhabalmadinah.sa\/?post_type=product&#038;p=8208"},"modified":"2025-05-24T19:02:20","modified_gmt":"2025-05-24T19:02:20","slug":"cours-sur-le-terrain-sur-la-biographie-prophetique","status":"publish","type":"product","link":"https:\/\/rhabalmadinah.sa\/fr\/produit\/cours-sur-le-terrain-sur-la-biographie-prophetique\/","title":{"rendered":"Cours sur le terrain sur la Biographie Proph\u00e9tique"},"content":{"rendered":"<p style=\"text-align: left;\">Une visite sur le terrain avec une explication d\u00e9taill\u00e9e des batailles telles que Badr, Uhud, le Foss\u00e9 et Khaybar, accompagn\u00e9e d\u2019un guide touristique sp\u00e9cialis\u00e9 dans les monuments de la Biographie Proph\u00e9tique, avec un traducteur disponible si n\u00e9cessaire.<\/p>\n","protected":false},"excerpt":{"rendered":"<p style=\"text-align: left;\">Une visite sur le terrain avec une explication d\u00e9taill\u00e9e des batailles telles que Badr, Uhud, le Foss\u00e9 et Khaybar, accompagn\u00e9e d\u2019un guide touristique sp\u00e9cialis\u00e9 dans les monuments de la Biographie Proph\u00e9tique, avec un traducteur disponible si n\u00e9cessaire.<\/p>\n","protected":false},"featured_media":8756,"comment_status":"open","ping_status":"closed","template":"","meta":{"_acf_changed":false},"product_brand":[],"product_cat":[136],"product_tag":[],"class_list":{"0":"post-8208","1":"product","2":"type-product","3":"status-publish","4":"has-post-thumbnail","6":"product_cat-education-fr","8":"first","9":"instock","10":"virtual","11":"product-type-simple"},"acf":[],"aioseo_notices":[],"_links":{"self":[{"href":"https:\/\/rhabalmadinah.sa\/fr\/wp-json\/wp\/v2\/product\/8208","targetHints":{"allow":["GET"]}}],"collection":[{"href":"https:\/\/rhabalmadinah.sa\/fr\/wp-json\/wp\/v2\/product"}],"about":[{"href":"https:\/\/rhabalmadinah.sa\/fr\/wp-json\/wp\/v2\/types\/product"}],"replies":[{"embeddable":true,"href":"https:\/\/rhabalmadinah.sa\/fr\/wp-json\/wp\/v2\/comments?post=8208"}],"wp:featuredmedia":[{"embeddable":true,"href":"https:\/\/rhabalmadinah.sa\/fr\/wp-json\/wp\/v2\/media\/8756"}],"wp:attachment":[{"href":"https:\/\/rhabalmadinah.sa\/fr\/wp-json\/wp\/v2\/media?parent=8208"}],"wp:term":[{"taxonomy":"product_brand","embeddable":true,"href":"https:\/\/rhabalmadinah.sa\/fr\/wp-json\/wp\/v2\/product_brand?post=8208"},{"taxonomy":"product_cat","embeddable":true,"href":"https:\/\/rhabalmadinah.sa\/fr\/wp-json\/wp\/v2\/product_cat?post=8208"},{"taxonomy":"product_tag","embeddable":true,"href":"https:\/\/rhabalmadinah.sa\/fr\/wp-json\/wp\/v2\/product_tag?post=8208"}],"curies":[{"name":"wp","href":"https:\/\/api.w.org\/{rel}","templated":true}]}}