{"id":8195,"date":"2025-03-07T02:53:15","date_gmt":"2025-03-07T02:53:15","guid":{"rendered":"https:\/\/rhabalmadinah.sa\/product\/"},"modified":"2025-04-09T21:20:35","modified_gmt":"2025-04-09T21:20:35","slug":"8195","status":"publish","type":"product","link":"https:\/\/rhabalmadinah.sa\/fr\/produit\/8195\/","title":{"rendered":"Cours de langue arabe pour non-arabophones"},"content":{"rendered":"<p style=\"text-align: left;\">Proposition de cours dispens\u00e9s par des sp\u00e9cialistes pour enseigner les diff\u00e9rentes branches de la langue arabe aux visiteurs et aux \u00e9tudiants venant de l\u2019\u00e9tranger. Ces cours s\u2019accompagnent de la d\u00e9couverte des sites embl\u00e9matiques de M\u00e9dine et de son atmosph\u00e8re spirituelle, ainsi que de programmes de divertissement motivants, dans un cadre propice \u00e0 l\u2019apprentissage, afin d\u2019offrir une exp\u00e9rience \u00e9ducative unique \u00e0 Taybah (M\u00e9dine)<\/p>\n","protected":false},"excerpt":{"rendered":"<p style=\"text-align: left;\">Proposition de cours dispens\u00e9s par des sp\u00e9cialistes pour enseigner les diff\u00e9rentes branches de la langue arabe aux visiteurs et aux \u00e9tudiants venant de l\u2019\u00e9tranger. Ces cours s\u2019accompagnent de la d\u00e9couverte des sites embl\u00e9matiques de M\u00e9dine et de son atmosph\u00e8re spirituelle, ainsi que de programmes de divertissement motivants, dans un cadre propice \u00e0 l\u2019apprentissage, afin d\u2019offrir une exp\u00e9rience \u00e9ducative unique \u00e0 Taybah (M\u00e9dine)<\/p>\n","protected":false},"featured_media":8759,"comment_status":"open","ping_status":"closed","template":"","meta":{"_acf_changed":false},"product_brand":[],"product_cat":[136],"product_tag":[],"class_list":{"0":"post-8195","1":"product","2":"type-product","3":"status-publish","4":"has-post-thumbnail","6":"product_cat-education-fr","8":"first","9":"instock","10":"virtual","11":"product-type-simple"},"acf":[],"aioseo_notices":[],"_links":{"self":[{"href":"https:\/\/rhabalmadinah.sa\/fr\/wp-json\/wp\/v2\/product\/8195","targetHints":{"allow":["GET"]}}],"collection":[{"href":"https:\/\/rhabalmadinah.sa\/fr\/wp-json\/wp\/v2\/product"}],"about":[{"href":"https:\/\/rhabalmadinah.sa\/fr\/wp-json\/wp\/v2\/types\/product"}],"replies":[{"embeddable":true,"href":"https:\/\/rhabalmadinah.sa\/fr\/wp-json\/wp\/v2\/comments?post=8195"}],"wp:featuredmedia":[{"embeddable":true,"href":"https:\/\/rhabalmadinah.sa\/fr\/wp-json\/wp\/v2\/media\/8759"}],"wp:attachment":[{"href":"https:\/\/rhabalmadinah.sa\/fr\/wp-json\/wp\/v2\/media?parent=8195"}],"wp:term":[{"taxonomy":"product_brand","embeddable":true,"href":"https:\/\/rhabalmadinah.sa\/fr\/wp-json\/wp\/v2\/product_brand?post=8195"},{"taxonomy":"product_cat","embeddable":true,"href":"https:\/\/rhabalmadinah.sa\/fr\/wp-json\/wp\/v2\/product_cat?post=8195"},{"taxonomy":"product_tag","embeddable":true,"href":"https:\/\/rhabalmadinah.sa\/fr\/wp-json\/wp\/v2\/product_tag?post=8195"}],"curies":[{"name":"wp","href":"https:\/\/api.w.org\/{rel}","templated":true}]}}