{"id":8186,"date":"2025-03-07T02:53:56","date_gmt":"2025-03-07T02:53:56","guid":{"rendered":"https:\/\/rhabalmadinah.sa\/product\/"},"modified":"2025-04-09T21:05:19","modified_gmt":"2025-04-09T21:05:19","slug":"8186","status":"publish","type":"product","link":"https:\/\/rhabalmadinah.sa\/fr\/produit\/8186\/","title":{"rendered":"Organisation de voyages touristiques \u00e9ducatifs"},"content":{"rendered":"<p style=\"text-align: left;\">Organisation de cours intensifs en partenariat avec des institutions sp\u00e9cialis\u00e9es dans le Coran et la Sunna, afin de permettre aux visiteurs de vivre la spiritualit\u00e9 de la Mosqu\u00e9e du Proph\u00e8te (Al-Masjid An-Nabawi), et d\u2019obtenir des cha\u00eenes de transmission (Isnad) reli\u00e9es aux pieux pr\u00e9d\u00e9cesseurs.<\/p>\n<p>Organisation de cours intensifs en partenariat avec des institutions sp\u00e9cialis\u00e9es dans le Coran et la Sunna, afin de permettre aux visiteurs de vivre la spiritualit\u00e9 de la Mosqu\u00e9e du Proph\u00e8te (Al-Masjid An-Nabawi), et d\u2019obtenir des cha\u00eenes de transmission (Isnad) reli\u00e9es aux pieux pr\u00e9d\u00e9cesseurs.<\/p>\n<p>&nbsp;<\/p>\n","protected":false},"excerpt":{"rendered":"<p style=\"text-align: left;\">Organisation de cours intensifs en partenariat avec des institutions sp\u00e9cialis\u00e9es dans le Coran et la Sunna, afin de permettre aux visiteurs de vivre la spiritualit\u00e9 de la Mosqu\u00e9e du Proph\u00e8te (Al-Masjid An-Nabawi), et d\u2019obtenir des cha\u00eenes de transmission (Isnad) reli\u00e9es aux pieux pr\u00e9d\u00e9cesseurs.<\/p>\n<p style=\"text-align: left;\">\n","protected":false},"featured_media":8762,"comment_status":"open","ping_status":"closed","template":"","meta":{"_acf_changed":false},"product_brand":[],"product_cat":[136],"product_tag":[],"class_list":{"0":"post-8186","1":"product","2":"type-product","3":"status-publish","4":"has-post-thumbnail","6":"product_cat-education-fr","8":"first","9":"instock","10":"virtual","11":"product-type-simple"},"acf":[],"aioseo_notices":[],"_links":{"self":[{"href":"https:\/\/rhabalmadinah.sa\/fr\/wp-json\/wp\/v2\/product\/8186","targetHints":{"allow":["GET"]}}],"collection":[{"href":"https:\/\/rhabalmadinah.sa\/fr\/wp-json\/wp\/v2\/product"}],"about":[{"href":"https:\/\/rhabalmadinah.sa\/fr\/wp-json\/wp\/v2\/types\/product"}],"replies":[{"embeddable":true,"href":"https:\/\/rhabalmadinah.sa\/fr\/wp-json\/wp\/v2\/comments?post=8186"}],"wp:featuredmedia":[{"embeddable":true,"href":"https:\/\/rhabalmadinah.sa\/fr\/wp-json\/wp\/v2\/media\/8762"}],"wp:attachment":[{"href":"https:\/\/rhabalmadinah.sa\/fr\/wp-json\/wp\/v2\/media?parent=8186"}],"wp:term":[{"taxonomy":"product_brand","embeddable":true,"href":"https:\/\/rhabalmadinah.sa\/fr\/wp-json\/wp\/v2\/product_brand?post=8186"},{"taxonomy":"product_cat","embeddable":true,"href":"https:\/\/rhabalmadinah.sa\/fr\/wp-json\/wp\/v2\/product_cat?post=8186"},{"taxonomy":"product_tag","embeddable":true,"href":"https:\/\/rhabalmadinah.sa\/fr\/wp-json\/wp\/v2\/product_tag?post=8186"}],"curies":[{"name":"wp","href":"https:\/\/api.w.org\/{rel}","templated":true}]}}