{"id":8019,"date":"2025-03-05T20:03:54","date_gmt":"2025-03-05T20:03:54","guid":{"rendered":"https:\/\/rhabalmadinah.sa\/product\/"},"modified":"2025-04-09T20:53:56","modified_gmt":"2025-04-09T20:53:56","slug":"8019","status":"publish","type":"product","link":"https:\/\/rhabalmadinah.sa\/fr\/produit\/8019\/","title":{"rendered":"Visites des monuments arch\u00e9ologiques les plus connus"},"content":{"rendered":"<p><span data-sheets-root=\"1\">Visites de sites historiques et arch\u00e9ologiques tels que la mosqu\u00e9e Qibaa, la mosqu\u00e9e Al-Qiblatain, le champ de la bataille d&rsquo;Uhud, les martyrs, la mosqu\u00e9e Al-Fasah et les sept mosqu\u00e9es avec la mosqu\u00e9e Bani Haram, avec une explication des \u00e9v\u00e9nements historiques.<\/span><\/p>\n","protected":false},"excerpt":{"rendered":"<p><span data-sheets-root=\"1\">Visites de sites historiques et arch\u00e9ologiques tels que la mosqu\u00e9e Qibaa, la mosqu\u00e9e Al-Qiblatain, le champ de la bataille d&rsquo;Uhud, les martyrs, la mosqu\u00e9e Al-Fasah et les sept mosqu\u00e9es avec la mosqu\u00e9e Bani Haram, avec une explication des \u00e9v\u00e9nements historiques.<\/span><\/p>\n","protected":false},"featured_media":8008,"comment_status":"open","ping_status":"closed","template":"","meta":{"_acf_changed":false},"product_brand":[],"product_cat":[138],"product_tag":[],"class_list":{"0":"post-8019","1":"product","2":"type-product","3":"status-publish","4":"has-post-thumbnail","6":"product_cat-visites-et-monuments","8":"first","9":"instock","10":"virtual","11":"product-type-simple"},"acf":[],"aioseo_notices":[],"_links":{"self":[{"href":"https:\/\/rhabalmadinah.sa\/fr\/wp-json\/wp\/v2\/product\/8019","targetHints":{"allow":["GET"]}}],"collection":[{"href":"https:\/\/rhabalmadinah.sa\/fr\/wp-json\/wp\/v2\/product"}],"about":[{"href":"https:\/\/rhabalmadinah.sa\/fr\/wp-json\/wp\/v2\/types\/product"}],"replies":[{"embeddable":true,"href":"https:\/\/rhabalmadinah.sa\/fr\/wp-json\/wp\/v2\/comments?post=8019"}],"wp:featuredmedia":[{"embeddable":true,"href":"https:\/\/rhabalmadinah.sa\/fr\/wp-json\/wp\/v2\/media\/8008"}],"wp:attachment":[{"href":"https:\/\/rhabalmadinah.sa\/fr\/wp-json\/wp\/v2\/media?parent=8019"}],"wp:term":[{"taxonomy":"product_brand","embeddable":true,"href":"https:\/\/rhabalmadinah.sa\/fr\/wp-json\/wp\/v2\/product_brand?post=8019"},{"taxonomy":"product_cat","embeddable":true,"href":"https:\/\/rhabalmadinah.sa\/fr\/wp-json\/wp\/v2\/product_cat?post=8019"},{"taxonomy":"product_tag","embeddable":true,"href":"https:\/\/rhabalmadinah.sa\/fr\/wp-json\/wp\/v2\/product_tag?post=8019"}],"curies":[{"name":"wp","href":"https:\/\/api.w.org\/{rel}","templated":true}]}}