{"id":8017,"date":"2025-03-05T19:55:55","date_gmt":"2025-03-05T19:55:55","guid":{"rendered":"https:\/\/rhabalmadinah.sa\/product\/"},"modified":"2025-04-09T20:50:24","modified_gmt":"2025-04-09T20:50:24","slug":"visites-guidees-dans-la-mosquee-du-prophete-et-ses-sites-emblematiques","status":"publish","type":"product","link":"https:\/\/rhabalmadinah.sa\/fr\/produit\/visites-guidees-dans-la-mosquee-du-prophete-et-ses-sites-emblematiques\/","title":{"rendered":"Visites guid\u00e9es dans la Mosqu\u00e9e du Proph\u00e8te et ses sites embl\u00e9matiques."},"content":{"rendered":"<p><span data-sheets-root=\"1\">Explication d\u00e9taill\u00e9e de l&rsquo;histoire de la mosqu\u00e9e du Proph\u00e8te et de ses monuments tels que la Rawdah al-Sharifa, la biblioth\u00e8que de la mosqu\u00e9e, les rares corans, la Saqifa Bani Sa&rsquo;ada avec l&rsquo;ancien march\u00e9, Bir Haa, la zone de pri\u00e8re, Al Baqeea, etc.<\/span><\/p>\n","protected":false},"excerpt":{"rendered":"<p><span data-sheets-root=\"1\">Explication d\u00e9taill\u00e9e de l&rsquo;histoire de la mosqu\u00e9e du Proph\u00e8te et de ses monuments tels que la Rawdah al-Sharifa, la biblioth\u00e8que de la mosqu\u00e9e, les rares corans, la Saqifa Bani Sa&rsquo;ada avec l&rsquo;ancien march\u00e9, Bir Haa, la zone de pri\u00e8re, Al Baqeea, etc.<\/span><\/p>\n","protected":false},"featured_media":8002,"comment_status":"open","ping_status":"closed","template":"","meta":{"_acf_changed":false},"product_brand":[],"product_cat":[138],"product_tag":[],"class_list":{"0":"post-8017","1":"product","2":"type-product","3":"status-publish","4":"has-post-thumbnail","6":"product_cat-visites-et-monuments","8":"first","9":"instock","10":"virtual","11":"product-type-simple"},"acf":[],"aioseo_notices":[],"_links":{"self":[{"href":"https:\/\/rhabalmadinah.sa\/fr\/wp-json\/wp\/v2\/product\/8017","targetHints":{"allow":["GET"]}}],"collection":[{"href":"https:\/\/rhabalmadinah.sa\/fr\/wp-json\/wp\/v2\/product"}],"about":[{"href":"https:\/\/rhabalmadinah.sa\/fr\/wp-json\/wp\/v2\/types\/product"}],"replies":[{"embeddable":true,"href":"https:\/\/rhabalmadinah.sa\/fr\/wp-json\/wp\/v2\/comments?post=8017"}],"wp:featuredmedia":[{"embeddable":true,"href":"https:\/\/rhabalmadinah.sa\/fr\/wp-json\/wp\/v2\/media\/8002"}],"wp:attachment":[{"href":"https:\/\/rhabalmadinah.sa\/fr\/wp-json\/wp\/v2\/media?parent=8017"}],"wp:term":[{"taxonomy":"product_brand","embeddable":true,"href":"https:\/\/rhabalmadinah.sa\/fr\/wp-json\/wp\/v2\/product_brand?post=8017"},{"taxonomy":"product_cat","embeddable":true,"href":"https:\/\/rhabalmadinah.sa\/fr\/wp-json\/wp\/v2\/product_cat?post=8017"},{"taxonomy":"product_tag","embeddable":true,"href":"https:\/\/rhabalmadinah.sa\/fr\/wp-json\/wp\/v2\/product_tag?post=8017"}],"curies":[{"name":"wp","href":"https:\/\/api.w.org\/{rel}","templated":true}]}}