{"id":8016,"date":"2025-03-07T02:49:18","date_gmt":"2025-03-07T02:49:18","guid":{"rendered":"https:\/\/rhabalmadinah.sa\/product\/"},"modified":"2025-04-09T20:56:17","modified_gmt":"2025-04-09T20:56:17","slug":"8016","status":"publish","type":"product","link":"https:\/\/rhabalmadinah.sa\/fr\/produit\/8016\/","title":{"rendered":"Visites sur le terrain des lieux associ\u00e9s \u00e0 la biographie du Proph\u00e8te"},"content":{"rendered":"<p><span data-sheets-root=\"1\">Une visite sur le terrain avec une explication de certains des lieux rares associ\u00e9s \u00e0 la biographie du Proph\u00e8te, tels que Mazraat Al Mostazal et Bir Athaq. Mosqu\u00e9e Bani Anif Mosqu\u00e9e du vendredi Palais Arwa. La forteresse juive de Ka&rsquo;ab al-Ashraf. Le puits du pauvre de Salman Al-Farisi Grace Well. Le puits de l&rsquo;anneau. Le puits de Hajim. Puits d&rsquo;Osman. La mosqu\u00e9e de la r\u00e9ponse. Le puits et la maison de Fatima bint al-Hussein. Mosqu\u00e9e Al-Sujda. Mosqu\u00e9e du Bouclier. Emplacement de Bayt Kulthum bin Al Hudam. Emplacement des stalles \u00e0 moutons Le march\u00e9 partag\u00e9 de la ville avec les Juifs (al-Tabakha). Mosqu\u00e9e Al-Saqiya. La piste de la Sunnah.<\/span><\/p>\n","protected":false},"excerpt":{"rendered":"<p><span data-sheets-root=\"1\">Une visite sur le terrain avec une explication de certains des lieux rares associ\u00e9s \u00e0 la biographie du Proph\u00e8te, tels que Mazraat Al Mostazal et Bir Athaq. Mosqu\u00e9e Bani Anif Mosqu\u00e9e du vendredi Palais Arwa. La forteresse juive de Ka&rsquo;ab al-Ashraf. Le puits du pauvre de Salman Al-Farisi Grace Well. Le puits de l&rsquo;anneau. Le puits de Hajim. Puits d&rsquo;Osman. La mosqu\u00e9e de la r\u00e9ponse. Le puits et la maison de Fatima bint al-Hussein. Mosqu\u00e9e Al-Sujda. Mosqu\u00e9e du Bouclier. Emplacement de Bayt Kulthum bin Al Hudam. Emplacement des stalles \u00e0 moutons Le march\u00e9 partag\u00e9 de la ville avec les Juifs (al-Tabakha). Mosqu\u00e9e Al-Saqiya. La piste de la Sunnah. <\/span><\/p>\n","protected":false},"featured_media":7162,"comment_status":"open","ping_status":"closed","template":"","meta":{"_acf_changed":false},"product_brand":[],"product_cat":[138],"product_tag":[],"class_list":{"0":"post-8016","1":"product","2":"type-product","3":"status-publish","4":"has-post-thumbnail","6":"product_cat-visites-et-monuments","8":"first","9":"instock","10":"shipping-taxable","11":"product-type-simple"},"acf":[],"aioseo_notices":[],"_links":{"self":[{"href":"https:\/\/rhabalmadinah.sa\/fr\/wp-json\/wp\/v2\/product\/8016","targetHints":{"allow":["GET"]}}],"collection":[{"href":"https:\/\/rhabalmadinah.sa\/fr\/wp-json\/wp\/v2\/product"}],"about":[{"href":"https:\/\/rhabalmadinah.sa\/fr\/wp-json\/wp\/v2\/types\/product"}],"replies":[{"embeddable":true,"href":"https:\/\/rhabalmadinah.sa\/fr\/wp-json\/wp\/v2\/comments?post=8016"}],"wp:featuredmedia":[{"embeddable":true,"href":"https:\/\/rhabalmadinah.sa\/fr\/wp-json\/wp\/v2\/media\/7162"}],"wp:attachment":[{"href":"https:\/\/rhabalmadinah.sa\/fr\/wp-json\/wp\/v2\/media?parent=8016"}],"wp:term":[{"taxonomy":"product_brand","embeddable":true,"href":"https:\/\/rhabalmadinah.sa\/fr\/wp-json\/wp\/v2\/product_brand?post=8016"},{"taxonomy":"product_cat","embeddable":true,"href":"https:\/\/rhabalmadinah.sa\/fr\/wp-json\/wp\/v2\/product_cat?post=8016"},{"taxonomy":"product_tag","embeddable":true,"href":"https:\/\/rhabalmadinah.sa\/fr\/wp-json\/wp\/v2\/product_tag?post=8016"}],"curies":[{"name":"wp","href":"https:\/\/api.w.org\/{rel}","templated":true}]}}