{"id":9213,"date":"2025-05-05T08:42:11","date_gmt":"2025-05-05T08:42:11","guid":{"rendered":"https:\/\/rhabalmadinah.sa\/visits-landmarks\/"},"modified":"2025-05-21T19:13:04","modified_gmt":"2025-05-21T19:13:04","slug":"visits-landmarks","status":"publish","type":"page","link":"https:\/\/rhabalmadinah.sa\/fr\/visits-landmarks\/","title":{"rendered":"Visites et monuments"},"content":{"rendered":"\t\t<div data-elementor-type=\"wp-page\" data-elementor-id=\"9213\" class=\"elementor elementor-9213 elementor-8590\" data-elementor-post-type=\"page\">\n\t\t\t\t<div class=\"elementor-element elementor-element-1e1c317 e-con-full e-flex wpr-particle-no wpr-jarallax-no wpr-parallax-no wpr-sticky-section-no e-con e-parent\" data-id=\"1e1c317\" data-element_type=\"container\" data-settings=\"{&quot;background_background&quot;:&quot;classic&quot;}\">\n\t\t\t\t<div class=\"elementor-element elementor-element-9a04bce elementor-widget elementor-widget-heading bdevs-el heading\" data-id=\"9a04bce\" data-element_type=\"widget\" data-settings=\"{&quot;design_style&quot;:&quot;style_1&quot;}\" data-widget_type=\"heading.default\">\n\t\t\t\t<div class=\"elementor-widget-container\">\n\t\t\t\t\t                                    <div class=\"section__title-wrapper bdevs-el-content\">\n                                        <h2 class=\"section-title bdevs-el-title  bdevs-el-btn section__title\">Visites et monuments\n<\/h2>                                    <\/div>\n            \n        \n\t\t\t\t<\/div>\n\t\t\t\t<\/div>\n\t\t\t\t<\/div>\n\t\t<div class=\"elementor-element elementor-element-158f946 e-flex e-con-boxed wpr-particle-no wpr-jarallax-no wpr-parallax-no wpr-sticky-section-no e-con e-parent\" data-id=\"158f946\" data-element_type=\"container\">\n\t\t\t\t\t<div class=\"e-con-inner\">\n\t\t\t\t<div class=\"elementor-element elementor-element-1ab7176 eael-product-grid-column-3 elementor-widget elementor-widget-eicon-woocommerce\" data-id=\"1ab7176\" data-element_type=\"widget\" data-widget_type=\"eicon-woocommerce.default\">\n\t\t\t\t<div class=\"elementor-widget-container\">\n\t\t\t\t\t\n        <div class=\"eael-product-grid eael-product-simple grid\" id=\"eael-product-grid\" data-widget-id=\"1ab7176\" data-page-id=\"9213\" data-nonce=\"0007dc29dd\" >\n            <div class=\"woocommerce\">\n                <ul class=\"products eael-post-appender\" data-layout-mode=\"grid\" data-ssi-desktop=\"no\" data-ssi-tablet=\"no\" data-ssi-mobile=\"no\"> <li class=\"product \">\n<div class=\"eael-product-wrap\" data-src=\"\" data-src-hover=\"\">\n    <img fetchpriority=\"high\" decoding=\"async\" width=\"736\" height=\"736\" src=\"https:\/\/rhabalmadinah.sa\/wp-content\/uploads\/2025\/01\/download-2.jpeg\" class=\"attachment-woocommerce_thumbnail size-woocommerce_thumbnail wvs-archive-product-image\" alt=\"Visites sur le terrain des lieux associ\u00e9s \u00e0 la biographie du Proph\u00e8te\" loading=\"eager\" srcset=\"https:\/\/rhabalmadinah.sa\/wp-content\/uploads\/2025\/01\/download-2.jpeg 736w, https:\/\/rhabalmadinah.sa\/wp-content\/uploads\/2025\/01\/download-2-250x250.jpeg 250w, https:\/\/rhabalmadinah.sa\/wp-content\/uploads\/2025\/01\/download-2-300x300.jpeg 300w, https:\/\/rhabalmadinah.sa\/wp-content\/uploads\/2025\/01\/download-2-150x150.jpeg 150w, https:\/\/rhabalmadinah.sa\/wp-content\/uploads\/2025\/01\/download-2-600x600.jpeg 600w, https:\/\/rhabalmadinah.sa\/wp-content\/uploads\/2025\/01\/download-2-100x100.jpeg 100w\" sizes=\"(max-width: 736px) 100vw, 736px\" \/><div class=\"eael-product-title\">\n    <a href=\"https:\/\/rhabalmadinah.sa\/fr\/produit\/8016\/\" class=\"woocommerce-LoopProduct-link woocommerce-loop-product__link\"><h2 class=\"woocommerce-loop-product__title\">Visites sur le terrain des lieux associ\u00e9s \u00e0 la biographie du Proph\u00e8te<\/h2><\/a>\n    <\/div><div class=\"eael-product-price\"><\/div>    <a href=\"https:\/\/rhabalmadinah.sa\/fr\/produit\/8016\/\" data-quantity=\"1\" class=\"button product_type_simple\" data-product_id=\"8016\" data-product_sku=\"\" aria-label=\"En savoir plus sur &ldquo;Visites sur le terrain des lieux associ\u00e9s \u00e0 la biographie du Proph\u00e8te&rdquo;\" rel=\"nofollow\" data-success_message=\"\">Lire la suite<\/a>    \n<\/div>\n\n<\/li> <li class=\"product \">\n<div class=\"eael-product-wrap\" data-src=\"\" data-src-hover=\"\">\n    <img decoding=\"async\" width=\"500\" height=\"500\" src=\"https:\/\/rhabalmadinah.sa\/wp-content\/uploads\/2025\/03\/Untitled-design-1.png\" class=\"attachment-woocommerce_thumbnail size-woocommerce_thumbnail wvs-archive-product-image\" alt=\"Visites des monuments arch\u00e9ologiques les plus connus\" loading=\"eager\" srcset=\"https:\/\/rhabalmadinah.sa\/wp-content\/uploads\/2025\/03\/Untitled-design-1.png 500w, https:\/\/rhabalmadinah.sa\/wp-content\/uploads\/2025\/03\/Untitled-design-1-300x300.png 300w, https:\/\/rhabalmadinah.sa\/wp-content\/uploads\/2025\/03\/Untitled-design-1-150x150.png 150w, https:\/\/rhabalmadinah.sa\/wp-content\/uploads\/2025\/03\/Untitled-design-1-250x250.png 250w, https:\/\/rhabalmadinah.sa\/wp-content\/uploads\/2025\/03\/Untitled-design-1-100x100.png 100w\" sizes=\"(max-width: 500px) 100vw, 500px\" \/><div class=\"eael-product-title\">\n    <a href=\"https:\/\/rhabalmadinah.sa\/fr\/produit\/8019\/\" class=\"woocommerce-LoopProduct-link woocommerce-loop-product__link\"><h2 class=\"woocommerce-loop-product__title\">Visites des monuments arch\u00e9ologiques les plus connus<\/h2><\/a>\n    <\/div><div class=\"eael-product-price\"><\/div>    <a href=\"https:\/\/rhabalmadinah.sa\/fr\/produit\/8019\/\" data-quantity=\"1\" class=\"button product_type_simple\" data-product_id=\"8019\" data-product_sku=\"\" aria-label=\"En savoir plus sur &ldquo;Visites des monuments arch\u00e9ologiques les plus connus&rdquo;\" rel=\"nofollow\" data-success_message=\"\">Lire la suite<\/a>    \n<\/div>\n\n<\/li> <li class=\"product \">\n<div class=\"eael-product-wrap\" data-src=\"\" data-src-hover=\"\">\n    <img decoding=\"async\" width=\"500\" height=\"500\" src=\"https:\/\/rhabalmadinah.sa\/wp-content\/uploads\/2025\/03\/Untitled-design.png\" class=\"attachment-woocommerce_thumbnail size-woocommerce_thumbnail wvs-archive-product-image\" alt=\"Visites guid\u00e9es dans la Mosqu\u00e9e du Proph\u00e8te et ses sites embl\u00e9matiques.\" loading=\"eager\" srcset=\"https:\/\/rhabalmadinah.sa\/wp-content\/uploads\/2025\/03\/Untitled-design.png 500w, https:\/\/rhabalmadinah.sa\/wp-content\/uploads\/2025\/03\/Untitled-design-300x300.png 300w, https:\/\/rhabalmadinah.sa\/wp-content\/uploads\/2025\/03\/Untitled-design-150x150.png 150w, https:\/\/rhabalmadinah.sa\/wp-content\/uploads\/2025\/03\/Untitled-design-250x250.png 250w, https:\/\/rhabalmadinah.sa\/wp-content\/uploads\/2025\/03\/Untitled-design-100x100.png 100w\" sizes=\"(max-width: 500px) 100vw, 500px\" \/><div class=\"eael-product-title\">\n    <a href=\"https:\/\/rhabalmadinah.sa\/fr\/produit\/visites-guidees-dans-la-mosquee-du-prophete-et-ses-sites-emblematiques\/\" class=\"woocommerce-LoopProduct-link woocommerce-loop-product__link\"><h2 class=\"woocommerce-loop-product__title\">Visites guid\u00e9es dans la Mosqu\u00e9e du Proph\u00e8te et ses sites embl\u00e9matiques.<\/h2><\/a>\n    <\/div><div class=\"eael-product-price\"><\/div>    <a href=\"https:\/\/rhabalmadinah.sa\/fr\/produit\/visites-guidees-dans-la-mosquee-du-prophete-et-ses-sites-emblematiques\/\" data-quantity=\"1\" class=\"button product_type_simple\" data-product_id=\"8017\" data-product_sku=\"\" aria-label=\"En savoir plus sur &ldquo;Visites guid\u00e9es dans la Mosqu\u00e9e du Proph\u00e8te et ses sites embl\u00e9matiques.&rdquo;\" rel=\"nofollow\" data-success_message=\"\">Lire la suite<\/a>    \n<\/div>\n\n<\/li><\/ul>            <\/div>\n        <\/div>\n\n        <script type=\"text\/javascript\">\n            jQuery(document).ready(function($) {\n                var $scope = jQuery(\".elementor-element-1ab7176\");\n                var $products = $('.products', $scope);\n                var $layout_mode = $products.data('layout-mode');\n                \n                if ( $layout_mode === 'masonry' ) {\n                    \/\/ init isotope\n                    var $isotope_products = $products.isotope({\n                        itemSelector: \"li.product\",\n                        layoutMode: $layout_mode,\n                        percentPosition: true\n                    });\n\n                    $isotope_products.imagesLoaded().progress( function() {\n                        $isotope_products.isotope('layout');\n                    })\n                    \n                }\n            });\n        <\/script>\n        \t\t\t\t<\/div>\n\t\t\t\t<\/div>\n\t\t\t\t\t<\/div>\n\t\t\t\t<\/div>\n\t\t\t\t<\/div>\n\t\t","protected":false},"excerpt":{"rendered":"<p>Visites et monuments Visites sur le terrain des lieux associ\u00e9s \u00e0 la biographie du Proph\u00e8te \u0642\u0631\u0627\u0621\u0629 \u0627\u0644\u0645\u0632\u064a\u062f Visites des monuments arch\u00e9ologiques les plus connus \u0642\u0631\u0627\u0621\u0629 \u0627\u0644\u0645\u0632\u064a\u062f Visites guid\u00e9es dans la Mosqu\u00e9e du Proph\u00e8te et ses sites embl\u00e9matiques. \u0642\u0631\u0627\u0621\u0629 \u0627\u0644\u0645\u0632\u064a\u062f<\/p>\n","protected":false},"author":1,"featured_media":0,"parent":0,"menu_order":0,"comment_status":"closed","ping_status":"closed","template":"elementor_header_footer","meta":{"_acf_changed":false,"footnotes":""},"class_list":["post-9213","page","type-page","status-publish","hentry"],"acf":[],"aioseo_notices":[],"_links":{"self":[{"href":"https:\/\/rhabalmadinah.sa\/fr\/wp-json\/wp\/v2\/pages\/9213","targetHints":{"allow":["GET"]}}],"collection":[{"href":"https:\/\/rhabalmadinah.sa\/fr\/wp-json\/wp\/v2\/pages"}],"about":[{"href":"https:\/\/rhabalmadinah.sa\/fr\/wp-json\/wp\/v2\/types\/page"}],"author":[{"embeddable":true,"href":"https:\/\/rhabalmadinah.sa\/fr\/wp-json\/wp\/v2\/users\/1"}],"replies":[{"embeddable":true,"href":"https:\/\/rhabalmadinah.sa\/fr\/wp-json\/wp\/v2\/comments?post=9213"}],"version-history":[{"count":4,"href":"https:\/\/rhabalmadinah.sa\/fr\/wp-json\/wp\/v2\/pages\/9213\/revisions"}],"predecessor-version":[{"id":9220,"href":"https:\/\/rhabalmadinah.sa\/fr\/wp-json\/wp\/v2\/pages\/9213\/revisions\/9220"}],"wp:attachment":[{"href":"https:\/\/rhabalmadinah.sa\/fr\/wp-json\/wp\/v2\/media?parent=9213"}],"curies":[{"name":"wp","href":"https:\/\/api.w.org\/{rel}","templated":true}]}}