{"id":9208,"date":"2025-05-05T17:03:10","date_gmt":"2025-05-05T17:03:10","guid":{"rendered":"https:\/\/rhabalmadinah.sa\/tourism-and-entertainment\/"},"modified":"2025-05-21T19:15:59","modified_gmt":"2025-05-21T19:15:59","slug":"tourism-and-entertainment","status":"publish","type":"page","link":"https:\/\/rhabalmadinah.sa\/fr\/tourism-and-entertainment\/","title":{"rendered":"R\u00e9cr\u00e9atifs et touristiques"},"content":{"rendered":"\t\t<div data-elementor-type=\"wp-page\" data-elementor-id=\"9208\" class=\"elementor elementor-9208 elementor-8612\" data-elementor-post-type=\"page\">\n\t\t\t\t<div class=\"elementor-element elementor-element-1e1c317 e-con-full e-flex wpr-particle-no wpr-jarallax-no wpr-parallax-no wpr-sticky-section-no e-con e-parent\" data-id=\"1e1c317\" data-element_type=\"container\" data-settings=\"{&quot;background_background&quot;:&quot;classic&quot;}\">\n\t\t\t\t<div class=\"elementor-element elementor-element-9a04bce elementor-widget elementor-widget-heading bdevs-el heading\" data-id=\"9a04bce\" data-element_type=\"widget\" data-settings=\"{&quot;design_style&quot;:&quot;style_1&quot;}\" data-widget_type=\"heading.default\">\n\t\t\t\t<div class=\"elementor-widget-container\">\n\t\t\t\t\t                                    <div class=\"section__title-wrapper bdevs-el-content\">\n                                        <h2 class=\"section-title bdevs-el-title  bdevs-el-btn section__title\">R\u00e9cr\u00e9atifs et touristiques\n<\/h2>                                    <\/div>\n            \n        \n\t\t\t\t<\/div>\n\t\t\t\t<\/div>\n\t\t\t\t<\/div>\n\t\t<div class=\"elementor-element elementor-element-de3acf7 e-flex e-con-boxed wpr-particle-no wpr-jarallax-no wpr-parallax-no wpr-sticky-section-no e-con e-parent\" data-id=\"de3acf7\" data-element_type=\"container\">\n\t\t\t\t\t<div class=\"e-con-inner\">\n\t\t\t\t<div class=\"elementor-element elementor-element-ce8ef1a eael-product-grid-column-3 elementor-widget elementor-widget-eicon-woocommerce\" data-id=\"ce8ef1a\" data-element_type=\"widget\" data-widget_type=\"eicon-woocommerce.default\">\n\t\t\t\t<div class=\"elementor-widget-container\">\n\t\t\t\t\t\n        <div class=\"eael-product-grid eael-product-simple grid\" id=\"eael-product-grid\" data-widget-id=\"ce8ef1a\" data-page-id=\"9208\" data-nonce=\"c5f66ed57d\" >\n            <div class=\"woocommerce\">\n                <ul class=\"products eael-post-appender\" data-layout-mode=\"grid\" data-ssi-desktop=\"no\" data-ssi-tablet=\"no\" data-ssi-mobile=\"no\"> <li class=\"product \">\n<div class=\"eael-product-wrap\" data-src=\"\" data-src-hover=\"\">\n    <img fetchpriority=\"high\" decoding=\"async\" width=\"500\" height=\"500\" src=\"https:\/\/rhabalmadinah.sa\/wp-content\/uploads\/2025\/05\/Untitled-design-11.png\" class=\"attachment-woocommerce_thumbnail size-woocommerce_thumbnail wvs-archive-product-image\" alt=\"Organisation de sorties pour les \u00e9coles et les associations\" loading=\"eager\" srcset=\"https:\/\/rhabalmadinah.sa\/wp-content\/uploads\/2025\/05\/Untitled-design-11.png 500w, https:\/\/rhabalmadinah.sa\/wp-content\/uploads\/2025\/05\/Untitled-design-11-300x300.png 300w, https:\/\/rhabalmadinah.sa\/wp-content\/uploads\/2025\/05\/Untitled-design-11-150x150.png 150w, https:\/\/rhabalmadinah.sa\/wp-content\/uploads\/2025\/05\/Untitled-design-11-250x250.png 250w, https:\/\/rhabalmadinah.sa\/wp-content\/uploads\/2025\/05\/Untitled-design-11-100x100.png 100w\" sizes=\"(max-width: 500px) 100vw, 500px\" \/><div class=\"eael-product-title\">\n    <a href=\"https:\/\/rhabalmadinah.sa\/fr\/produit\/organisation-de-sorties-pour-les-ecoles-et-les-associations\/\" class=\"woocommerce-LoopProduct-link woocommerce-loop-product__link\"><h2 class=\"woocommerce-loop-product__title\">Organisation de sorties pour les \u00e9coles et les associations<\/h2><\/a>\n    <\/div><div class=\"eael-product-price\"><\/div>    <a href=\"https:\/\/rhabalmadinah.sa\/fr\/produit\/organisation-de-sorties-pour-les-ecoles-et-les-associations\/\" data-quantity=\"1\" class=\"button product_type_simple\" data-product_id=\"9504\" data-product_sku=\"\" aria-label=\"En savoir plus sur &ldquo;Organisation de sorties pour les \u00e9coles et les associations&rdquo;\" rel=\"nofollow\" data-success_message=\"\">Lire la suite<\/a>    \n<\/div>\n\n<\/li> <li class=\"product \">\n<div class=\"eael-product-wrap\" data-src=\"\" data-src-hover=\"\">\n    <img decoding=\"async\" width=\"500\" height=\"500\" src=\"https:\/\/rhabalmadinah.sa\/wp-content\/uploads\/2025\/05\/Untitled-design-9.png\" class=\"attachment-woocommerce_thumbnail size-woocommerce_thumbnail wvs-archive-product-image\" alt=\"Excursions touristiques vers des villes proches\" loading=\"eager\" srcset=\"https:\/\/rhabalmadinah.sa\/wp-content\/uploads\/2025\/05\/Untitled-design-9.png 500w, https:\/\/rhabalmadinah.sa\/wp-content\/uploads\/2025\/05\/Untitled-design-9-300x300.png 300w, https:\/\/rhabalmadinah.sa\/wp-content\/uploads\/2025\/05\/Untitled-design-9-150x150.png 150w, https:\/\/rhabalmadinah.sa\/wp-content\/uploads\/2025\/05\/Untitled-design-9-250x250.png 250w, https:\/\/rhabalmadinah.sa\/wp-content\/uploads\/2025\/05\/Untitled-design-9-100x100.png 100w\" sizes=\"(max-width: 500px) 100vw, 500px\" \/><div class=\"eael-product-title\">\n    <a href=\"https:\/\/rhabalmadinah.sa\/fr\/produit\/\u0631\u062d\u0644\u0627\u062a-\u0633\u064a\u0627\u062d\u064a\u0629-\u0625\u0644\u0649-\u0645\u062f\u0646-\u0642\u0631\u064a\u0628\u0629\/\" class=\"woocommerce-LoopProduct-link woocommerce-loop-product__link\"><h2 class=\"woocommerce-loop-product__title\">Excursions touristiques vers des villes proches<\/h2><\/a>\n    <\/div><div class=\"eael-product-price\"><\/div>    <a href=\"https:\/\/rhabalmadinah.sa\/fr\/produit\/\u0631\u062d\u0644\u0627\u062a-\u0633\u064a\u0627\u062d\u064a\u0629-\u0625\u0644\u0649-\u0645\u062f\u0646-\u0642\u0631\u064a\u0628\u0629\/\" data-quantity=\"1\" class=\"button product_type_simple\" data-product_id=\"9521\" data-product_sku=\"\" aria-label=\"En savoir plus sur &ldquo;Excursions touristiques vers des villes proches&rdquo;\" rel=\"nofollow\" data-success_message=\"\">Lire la suite<\/a>    \n<\/div>\n\n<\/li> <li class=\"product \">\n<div class=\"eael-product-wrap\" data-src=\"\" data-src-hover=\"\">\n    <img decoding=\"async\" width=\"500\" height=\"500\" src=\"https:\/\/rhabalmadinah.sa\/wp-content\/uploads\/2025\/05\/Untitled-design-8.png\" class=\"attachment-woocommerce_thumbnail size-woocommerce_thumbnail wvs-archive-product-image\" alt=\"Visite des expositions et des mus\u00e9es islamiques\" loading=\"eager\" srcset=\"https:\/\/rhabalmadinah.sa\/wp-content\/uploads\/2025\/05\/Untitled-design-8.png 500w, https:\/\/rhabalmadinah.sa\/wp-content\/uploads\/2025\/05\/Untitled-design-8-300x300.png 300w, https:\/\/rhabalmadinah.sa\/wp-content\/uploads\/2025\/05\/Untitled-design-8-150x150.png 150w, https:\/\/rhabalmadinah.sa\/wp-content\/uploads\/2025\/05\/Untitled-design-8-250x250.png 250w, https:\/\/rhabalmadinah.sa\/wp-content\/uploads\/2025\/05\/Untitled-design-8-100x100.png 100w\" sizes=\"(max-width: 500px) 100vw, 500px\" \/><div class=\"eael-product-title\">\n    <a href=\"https:\/\/rhabalmadinah.sa\/fr\/produit\/visite-des-expositions-et-des-musees-islamiques\/\" class=\"woocommerce-LoopProduct-link woocommerce-loop-product__link\"><h2 class=\"woocommerce-loop-product__title\">Visite des expositions et des mus\u00e9es islamiques<\/h2><\/a>\n    <\/div><div class=\"eael-product-price\"><\/div>    <a href=\"https:\/\/rhabalmadinah.sa\/fr\/produit\/visite-des-expositions-et-des-musees-islamiques\/\" data-quantity=\"1\" class=\"button product_type_simple\" data-product_id=\"9525\" data-product_sku=\"\" aria-label=\"En savoir plus sur &ldquo;Visite des expositions et des mus\u00e9es islamiques&rdquo;\" rel=\"nofollow\" data-success_message=\"\">Lire la suite<\/a>    \n<\/div>\n\n<\/li> <li class=\"product \">\n<div class=\"eael-product-wrap\" data-src=\"\" data-src-hover=\"\">\n    <img decoding=\"async\" width=\"500\" height=\"500\" src=\"https:\/\/rhabalmadinah.sa\/wp-content\/uploads\/2025\/05\/Untitled-design-10.png\" class=\"attachment-woocommerce_thumbnail size-woocommerce_thumbnail wvs-archive-product-image\" alt=\"Visite des march\u00e9s traditionnels et patrimoniaux\" loading=\"eager\" srcset=\"https:\/\/rhabalmadinah.sa\/wp-content\/uploads\/2025\/05\/Untitled-design-10.png 500w, https:\/\/rhabalmadinah.sa\/wp-content\/uploads\/2025\/05\/Untitled-design-10-300x300.png 300w, https:\/\/rhabalmadinah.sa\/wp-content\/uploads\/2025\/05\/Untitled-design-10-150x150.png 150w, https:\/\/rhabalmadinah.sa\/wp-content\/uploads\/2025\/05\/Untitled-design-10-250x250.png 250w, https:\/\/rhabalmadinah.sa\/wp-content\/uploads\/2025\/05\/Untitled-design-10-100x100.png 100w\" sizes=\"(max-width: 500px) 100vw, 500px\" \/><div class=\"eael-product-title\">\n    <a href=\"https:\/\/rhabalmadinah.sa\/fr\/produit\/visite-des-marches-traditionnels-et-patrimoniaux\/\" class=\"woocommerce-LoopProduct-link woocommerce-loop-product__link\"><h2 class=\"woocommerce-loop-product__title\">Visite des march\u00e9s traditionnels et patrimoniaux<\/h2><\/a>\n    <\/div><div class=\"eael-product-price\"><\/div>    <a href=\"https:\/\/rhabalmadinah.sa\/fr\/produit\/visite-des-marches-traditionnels-et-patrimoniaux\/\" data-quantity=\"1\" class=\"button product_type_simple\" data-product_id=\"9511\" data-product_sku=\"\" aria-label=\"En savoir plus sur &ldquo;Visite des march\u00e9s traditionnels et patrimoniaux&rdquo;\" rel=\"nofollow\" data-success_message=\"\">Lire la suite<\/a>    \n<\/div>\n\n<\/li> <li class=\"product \">\n<div class=\"eael-product-wrap\" data-src=\"\" data-src-hover=\"\">\n    <img decoding=\"async\" width=\"561\" height=\"497\" src=\"https:\/\/rhabalmadinah.sa\/wp-content\/uploads\/2025\/03\/\u0627\u0644\u0646\u062e\u064a\u0644.jpg\" class=\"attachment-woocommerce_thumbnail size-woocommerce_thumbnail wvs-archive-product-image\" alt=\"Visites de fermes de dattiers\" loading=\"eager\" srcset=\"https:\/\/rhabalmadinah.sa\/wp-content\/uploads\/2025\/03\/\u0627\u0644\u0646\u062e\u064a\u0644.jpg 561w, https:\/\/rhabalmadinah.sa\/wp-content\/uploads\/2025\/03\/\u0627\u0644\u0646\u062e\u064a\u0644-300x266.jpg 300w\" sizes=\"(max-width: 561px) 100vw, 561px\" \/><div class=\"eael-product-title\">\n    <a href=\"https:\/\/rhabalmadinah.sa\/fr\/produit\/visites-de-fermes-de-dattiers\/\" class=\"woocommerce-LoopProduct-link woocommerce-loop-product__link\"><h2 class=\"woocommerce-loop-product__title\">Visites de fermes de dattiers<\/h2><\/a>\n    <\/div><div class=\"eael-product-price\"><\/div>    <a href=\"https:\/\/rhabalmadinah.sa\/fr\/produit\/visites-de-fermes-de-dattiers\/\" data-quantity=\"1\" class=\"button product_type_simple\" data-product_id=\"8228\" data-product_sku=\"\" aria-label=\"En savoir plus sur &ldquo;Visites de fermes de dattiers&rdquo;\" rel=\"nofollow\" data-success_message=\"\">Lire la suite<\/a>    \n<\/div>\n\n<\/li><\/ul>            <\/div>\n        <\/div>\n\n        <script type=\"text\/javascript\">\n            jQuery(document).ready(function($) {\n                var $scope = jQuery(\".elementor-element-ce8ef1a\");\n                var $products = $('.products', $scope);\n                var $layout_mode = $products.data('layout-mode');\n                \n                if ( $layout_mode === 'masonry' ) {\n                    \/\/ init isotope\n                    var $isotope_products = $products.isotope({\n                        itemSelector: \"li.product\",\n                        layoutMode: $layout_mode,\n                        percentPosition: true\n                    });\n\n                    $isotope_products.imagesLoaded().progress( function() {\n                        $isotope_products.isotope('layout');\n                    })\n                    \n                }\n            });\n        <\/script>\n        \t\t\t\t<\/div>\n\t\t\t\t<\/div>\n\t\t\t\t\t<\/div>\n\t\t\t\t<\/div>\n\t\t\t\t<\/div>\n\t\t","protected":false},"excerpt":{"rendered":"<p>R\u00e9cr\u00e9atifs et touristiques Visite des expositions et des mus\u00e9es islamiques \u0642\u0631\u0627\u0621\u0629 \u0627\u0644\u0645\u0632\u064a\u062f<\/p>\n","protected":false},"author":1,"featured_media":0,"parent":0,"menu_order":0,"comment_status":"closed","ping_status":"closed","template":"elementor_header_footer","meta":{"_acf_changed":false,"footnotes":""},"class_list":["post-9208","page","type-page","status-publish","hentry"],"acf":[],"aioseo_notices":[],"_links":{"self":[{"href":"https:\/\/rhabalmadinah.sa\/fr\/wp-json\/wp\/v2\/pages\/9208","targetHints":{"allow":["GET"]}}],"collection":[{"href":"https:\/\/rhabalmadinah.sa\/fr\/wp-json\/wp\/v2\/pages"}],"about":[{"href":"https:\/\/rhabalmadinah.sa\/fr\/wp-json\/wp\/v2\/types\/page"}],"author":[{"embeddable":true,"href":"https:\/\/rhabalmadinah.sa\/fr\/wp-json\/wp\/v2\/users\/1"}],"replies":[{"embeddable":true,"href":"https:\/\/rhabalmadinah.sa\/fr\/wp-json\/wp\/v2\/comments?post=9208"}],"version-history":[{"count":4,"href":"https:\/\/rhabalmadinah.sa\/fr\/wp-json\/wp\/v2\/pages\/9208\/revisions"}],"predecessor-version":[{"id":9228,"href":"https:\/\/rhabalmadinah.sa\/fr\/wp-json\/wp\/v2\/pages\/9208\/revisions\/9228"}],"wp:attachment":[{"href":"https:\/\/rhabalmadinah.sa\/fr\/wp-json\/wp\/v2\/media?parent=9208"}],"curies":[{"name":"wp","href":"https:\/\/api.w.org\/{rel}","templated":true}]}}