{"id":7854,"date":"2022-01-15T09:25:40","date_gmt":"2022-01-15T09:25:40","guid":{"rendered":"https:\/\/rhabalmadinah.sa\/trips-gallery\/"},"modified":"2025-04-06T19:24:53","modified_gmt":"2025-04-06T19:24:53","slug":"trips-gallery","status":"publish","type":"page","link":"https:\/\/rhabalmadinah.sa\/fr\/trips-gallery\/","title":{"rendered":"Galerie des Voyages"},"content":{"rendered":"\t\t<div data-elementor-type=\"wp-page\" data-elementor-id=\"7854\" class=\"elementor elementor-7854 elementor-1864\" data-elementor-post-type=\"page\">\n\t\t\t\t\t\t<section class=\"elementor-section elementor-top-section elementor-element elementor-element-be7207b elementor-section-boxed elementor-section-height-default elementor-section-height-default wpr-particle-no wpr-jarallax-no wpr-parallax-no wpr-sticky-section-no\" data-id=\"be7207b\" data-element_type=\"section\">\n\t\t\t\t\t\t<div class=\"elementor-container elementor-column-gap-default\">\n\t\t\t\t\t<div class=\"elementor-column elementor-col-100 elementor-top-column elementor-element elementor-element-e71ab96\" data-id=\"e71ab96\" data-element_type=\"column\">\n\t\t\t<div class=\"elementor-widget-wrap elementor-element-populated\">\n\t\t\t\t\t\t<div class=\"elementor-element elementor-element-b93bacc elementor-widget elementor-widget-heading bdevs-el heading\" data-id=\"b93bacc\" data-element_type=\"widget\" data-settings=\"{&quot;design_style&quot;:&quot;style_1&quot;}\" data-widget_type=\"heading.default\">\n\t\t\t\t<div class=\"elementor-widget-container\">\n\t\t\t\t\t                                    <div class=\"section__title-wrapper bdevs-el-content\">\n                                        <h2 class=\"section-title bdevs-el-title  bdevs-el-btn section__title\">Voyagez et apprenez<br> avec <span class=\"yellow-bg yellow-bg-big\">les meilleures<img decoding=\"async\" src=\"https:\/\/bdevs.net\/wp\/educal\/wp-content\/themes\/educal\/assets\/img\/shape\/yellow-bg.png\" alt=\"\"> <\/span> excursions<\/h2>                                    <\/div>\n            \n        \n\t\t\t\t<\/div>\n\t\t\t\t<\/div>\n\t\t\t\t<div class=\"elementor-element elementor-element-7d54cf6 elementor-widget elementor-widget-post_tab bdevs-el post_tab\" data-id=\"7d54cf6\" data-element_type=\"widget\" data-settings=\"{&quot;design_style&quot;:&quot;style_2&quot;,&quot;col_num&quot;:&quot;4&quot;}\" data-widget_type=\"post_tab.default\">\n\t\t\t\t<div class=\"elementor-widget-container\">\n\t\t\t\t\t\n                <section class=\"portfolio__area\">\n                    <div class=\"container\">\n                        <div class=\"row\">\n                            <div class=\"col-xl-12\">\n                                <div class=\"portfolio__menu mb-40 wow fadeInUp2\" data-wow-delay=\".3s\">\n                                    <span>Filter by: <\/span>\n\n                                    <div class=\"masonary-menu filter-button-group d-sm-inline-block project-filter-box\">\n                                                                                                                                    <button class=\"active\" data-filter=\"*\">See All<\/button>\n                                                <button data-filter=\".le-saint-coran\">Le Saint Coran<\/button>\n                                                                                                                                                                                <button data-filter=\".voyages-touristiques\">Voyages touristiques<\/button>\n                                                                                                                                                                                <button data-filter=\".langue-arabe\">Langue arabe<\/button>\n                                                                                                                                                                                <button data-filter=\".lieux-saints-de-medine\">Lieux saints de M\u00e9dine<\/button>\n                                                                                                                        <\/div>\n                                <\/div>\n                            <\/div>\n                        <\/div>\n                        <div class=\"row grid\">\n                                                                <div class=\"col-xl-4 col-md-6 col-sm-6 grid-item langue-arabe le-saint-coran lieux-saints-de-medine voyages-touristiques \">\n                                        <div class=\"portfolio__item bdevs-el-title p-relative mb-30\">\n                                            <div class=\"portfolio__thumb w-img fix\">\n                                                                                                    <img decoding=\"async\" src=\"https:\/\/rhabalmadinah.sa\/wp-content\/uploads\/2025\/02\/download-3.jpeg\" alt=\"case\">\n                                                                                                <div class=\"portfolio__plus p-absolute transition-3\">\n                                                    <a href=\"https:\/\/rhabalmadinah.sa\/wp-content\/uploads\/2025\/02\/download-3.jpeg\" data-fancybox=\"gallery\">\n                                                        <i class=\"fal fa-plus\"><\/i>\n                                                        <i class=\"fal fa-plus\"><\/i>\n                                                    <\/a>\n                                                <\/div>\n                                            <\/div>\n                                            <div class=\"portfolio__content\">\n                                                <h4 class=\"bdevs-el-title\"><a href=\"https:\/\/rhabalmadinah.sa\/fr\/ourportfolio\/a-journey-to-the-landmarks-of-madinah\/\">Voyage aux monuments de M\u00e9dine<\/a><\/h4>\n                                                <p>Langue arabe, Le Saint Coran, Lieux saints de M\u00e9dine, Voyages touristiques<\/p>\n                                                <div class=\"portfolio__more p-absolute transition-3\">\n                                                    <a href=\"https:\/\/rhabalmadinah.sa\/fr\/ourportfolio\/a-journey-to-the-landmarks-of-madinah\/\" class=\"link-btn2\">\n                                                        Voir plus                                                        <i class=\"fal fa-long-arrow-right\"><\/i>\n                                                        <i class=\"fal fa-long-arrow-right\"><\/i>\n                                                    <\/a>\n                                                <\/div>\n                                            <\/div>\n                                        <\/div>\n                                    <\/div>\n                                                                <div class=\"col-xl-4 col-md-6 col-sm-6 grid-item langue-arabe le-saint-coran lieux-saints-de-medine voyages-touristiques \">\n                                        <div class=\"portfolio__item bdevs-el-title p-relative mb-30\">\n                                            <div class=\"portfolio__thumb w-img fix\">\n                                                                                                    <img decoding=\"async\" src=\"https:\/\/rhabalmadinah.sa\/wp-content\/uploads\/2025\/02\/download-3.jpeg\" alt=\"case\">\n                                                                                                <div class=\"portfolio__plus p-absolute transition-3\">\n                                                    <a href=\"https:\/\/rhabalmadinah.sa\/wp-content\/uploads\/2025\/02\/download-3.jpeg\" data-fancybox=\"gallery\">\n                                                        <i class=\"fal fa-plus\"><\/i>\n                                                        <i class=\"fal fa-plus\"><\/i>\n                                                    <\/a>\n                                                <\/div>\n                                            <\/div>\n                                            <div class=\"portfolio__content\">\n                                                <h4 class=\"bdevs-el-title\"><a href=\"https:\/\/rhabalmadinah.sa\/fr\/ourportfolio\/\u0631\u062d\u0644\u0629-\u0627\u0644\u0649-\u0645\u0639\u0627\u0644\u0645-\u0627\u0644\u0645\u062f\u064a\u0646\u0629-\u0627\u0644\u0645\u0646\u0648\u0631\u0629-6\/\">Voyage aux monuments de M\u00e9dine<\/a><\/h4>\n                                                <p>Langue arabe, Le Saint Coran, Lieux saints de M\u00e9dine, Voyages touristiques<\/p>\n                                                <div class=\"portfolio__more p-absolute transition-3\">\n                                                    <a href=\"https:\/\/rhabalmadinah.sa\/fr\/ourportfolio\/\u0631\u062d\u0644\u0629-\u0627\u0644\u0649-\u0645\u0639\u0627\u0644\u0645-\u0627\u0644\u0645\u062f\u064a\u0646\u0629-\u0627\u0644\u0645\u0646\u0648\u0631\u0629-6\/\" class=\"link-btn2\">\n                                                        Voir plus                                                        <i class=\"fal fa-long-arrow-right\"><\/i>\n                                                        <i class=\"fal fa-long-arrow-right\"><\/i>\n                                                    <\/a>\n                                                <\/div>\n                                            <\/div>\n                                        <\/div>\n                                    <\/div>\n                                                                <div class=\"col-xl-4 col-md-6 col-sm-6 grid-item lieux-saints-de-medine voyages-touristiques \">\n                                        <div class=\"portfolio__item bdevs-el-title p-relative mb-30\">\n                                            <div class=\"portfolio__thumb w-img fix\">\n                                                                                                    <img decoding=\"async\" src=\"https:\/\/rhabalmadinah.sa\/wp-content\/uploads\/2025\/02\/Untitled-design-28.png\" alt=\"case\">\n                                                                                                <div class=\"portfolio__plus p-absolute transition-3\">\n                                                    <a href=\"https:\/\/rhabalmadinah.sa\/wp-content\/uploads\/2025\/02\/Untitled-design-28.png\" data-fancybox=\"gallery\">\n                                                        <i class=\"fal fa-plus\"><\/i>\n                                                        <i class=\"fal fa-plus\"><\/i>\n                                                    <\/a>\n                                                <\/div>\n                                            <\/div>\n                                            <div class=\"portfolio__content\">\n                                                <h4 class=\"bdevs-el-title\"><a href=\"https:\/\/rhabalmadinah.sa\/fr\/ourportfolio\/\u0631\u062d\u0644\u0629-\u0627\u0644\u0649-\u0645\u0639\u0627\u0644\u0645-\u0627\u0644\u0645\u062f\u064a\u0646\u0629-\u0627\u0644\u0645\u0646\u0648\u0631\u0629-5\/\">Voyage aux monuments de M\u00e9dine<\/a><\/h4>\n                                                <p>Lieux saints de M\u00e9dine, Voyages touristiques<\/p>\n                                                <div class=\"portfolio__more p-absolute transition-3\">\n                                                    <a href=\"https:\/\/rhabalmadinah.sa\/fr\/ourportfolio\/\u0631\u062d\u0644\u0629-\u0627\u0644\u0649-\u0645\u0639\u0627\u0644\u0645-\u0627\u0644\u0645\u062f\u064a\u0646\u0629-\u0627\u0644\u0645\u0646\u0648\u0631\u0629-5\/\" class=\"link-btn2\">\n                                                        Voir plus                                                        <i class=\"fal fa-long-arrow-right\"><\/i>\n                                                        <i class=\"fal fa-long-arrow-right\"><\/i>\n                                                    <\/a>\n                                                <\/div>\n                                            <\/div>\n                                        <\/div>\n                                    <\/div>\n                                                                <div class=\"col-xl-4 col-md-6 col-sm-6 grid-item lieux-saints-de-medine voyages-touristiques \">\n                                        <div class=\"portfolio__item bdevs-el-title p-relative mb-30\">\n                                            <div class=\"portfolio__thumb w-img fix\">\n                                                                                                    <img decoding=\"async\" src=\"https:\/\/rhabalmadinah.sa\/wp-content\/uploads\/2025\/02\/Untitled-design-27.png\" alt=\"case\">\n                                                                                                <div class=\"portfolio__plus p-absolute transition-3\">\n                                                    <a href=\"https:\/\/rhabalmadinah.sa\/wp-content\/uploads\/2025\/02\/Untitled-design-27.png\" data-fancybox=\"gallery\">\n                                                        <i class=\"fal fa-plus\"><\/i>\n                                                        <i class=\"fal fa-plus\"><\/i>\n                                                    <\/a>\n                                                <\/div>\n                                            <\/div>\n                                            <div class=\"portfolio__content\">\n                                                <h4 class=\"bdevs-el-title\"><a href=\"https:\/\/rhabalmadinah.sa\/fr\/ourportfolio\/\u0631\u062d\u0644\u0629-\u0627\u0644\u0649-\u0645\u0639\u0627\u0644\u0645-\u0627\u0644\u0645\u062f\u064a\u0646\u0629-\u0627\u0644\u0645\u0646\u0648\u0631\u0629-4\/\">Voyage aux monuments de M\u00e9dine<\/a><\/h4>\n                                                <p>Lieux saints de M\u00e9dine, Voyages touristiques<\/p>\n                                                <div class=\"portfolio__more p-absolute transition-3\">\n                                                    <a href=\"https:\/\/rhabalmadinah.sa\/fr\/ourportfolio\/\u0631\u062d\u0644\u0629-\u0627\u0644\u0649-\u0645\u0639\u0627\u0644\u0645-\u0627\u0644\u0645\u062f\u064a\u0646\u0629-\u0627\u0644\u0645\u0646\u0648\u0631\u0629-4\/\" class=\"link-btn2\">\n                                                        Voir plus                                                        <i class=\"fal fa-long-arrow-right\"><\/i>\n                                                        <i class=\"fal fa-long-arrow-right\"><\/i>\n                                                    <\/a>\n                                                <\/div>\n                                            <\/div>\n                                        <\/div>\n                                    <\/div>\n                                                                <div class=\"col-xl-4 col-md-6 col-sm-6 grid-item lieux-saints-de-medine voyages-touristiques \">\n                                        <div class=\"portfolio__item bdevs-el-title p-relative mb-30\">\n                                            <div class=\"portfolio__thumb w-img fix\">\n                                                                                                    <img decoding=\"async\" src=\"https:\/\/rhabalmadinah.sa\/wp-content\/uploads\/2025\/02\/Untitled-design-26.png\" alt=\"case\">\n                                                                                                <div class=\"portfolio__plus p-absolute transition-3\">\n                                                    <a href=\"https:\/\/rhabalmadinah.sa\/wp-content\/uploads\/2025\/02\/Untitled-design-26.png\" data-fancybox=\"gallery\">\n                                                        <i class=\"fal fa-plus\"><\/i>\n                                                        <i class=\"fal fa-plus\"><\/i>\n                                                    <\/a>\n                                                <\/div>\n                                            <\/div>\n                                            <div class=\"portfolio__content\">\n                                                <h4 class=\"bdevs-el-title\"><a href=\"https:\/\/rhabalmadinah.sa\/fr\/ourportfolio\/\u0631\u062d\u0644\u0629-\u0627\u0644\u0649-\u0645\u0639\u0627\u0644\u0645-\u0627\u0644\u0645\u062f\u064a\u0646\u0629-\u0627\u0644\u0645\u0646\u0648\u0631\u0629-3\/\">Voyage aux monuments de M\u00e9dine<\/a><\/h4>\n                                                <p>Lieux saints de M\u00e9dine, Voyages touristiques<\/p>\n                                                <div class=\"portfolio__more p-absolute transition-3\">\n                                                    <a href=\"https:\/\/rhabalmadinah.sa\/fr\/ourportfolio\/\u0631\u062d\u0644\u0629-\u0627\u0644\u0649-\u0645\u0639\u0627\u0644\u0645-\u0627\u0644\u0645\u062f\u064a\u0646\u0629-\u0627\u0644\u0645\u0646\u0648\u0631\u0629-3\/\" class=\"link-btn2\">\n                                                        Voir plus                                                        <i class=\"fal fa-long-arrow-right\"><\/i>\n                                                        <i class=\"fal fa-long-arrow-right\"><\/i>\n                                                    <\/a>\n                                                <\/div>\n                                            <\/div>\n                                        <\/div>\n                                    <\/div>\n                                                                <div class=\"col-xl-4 col-md-6 col-sm-6 grid-item lieux-saints-de-medine voyages-touristiques \">\n                                        <div class=\"portfolio__item bdevs-el-title p-relative mb-30\">\n                                            <div class=\"portfolio__thumb w-img fix\">\n                                                                                                    <img decoding=\"async\" src=\"https:\/\/rhabalmadinah.sa\/wp-content\/uploads\/2025\/02\/Untitled-design-25.png\" alt=\"case\">\n                                                                                                <div class=\"portfolio__plus p-absolute transition-3\">\n                                                    <a href=\"https:\/\/rhabalmadinah.sa\/wp-content\/uploads\/2025\/02\/Untitled-design-25.png\" data-fancybox=\"gallery\">\n                                                        <i class=\"fal fa-plus\"><\/i>\n                                                        <i class=\"fal fa-plus\"><\/i>\n                                                    <\/a>\n                                                <\/div>\n                                            <\/div>\n                                            <div class=\"portfolio__content\">\n                                                <h4 class=\"bdevs-el-title\"><a href=\"https:\/\/rhabalmadinah.sa\/fr\/ourportfolio\/\u0631\u062d\u0644\u0629-\u0627\u0644\u0649-\u0645\u0639\u0627\u0644\u0645-\u0627\u0644\u0645\u062f\u064a\u0646\u0629-\u0627\u0644\u0645\u0646\u0648\u0631\u0629-2\/\">Voyage aux monuments de M\u00e9dine<\/a><\/h4>\n                                                <p>Lieux saints de M\u00e9dine, Voyages touristiques<\/p>\n                                                <div class=\"portfolio__more p-absolute transition-3\">\n                                                    <a href=\"https:\/\/rhabalmadinah.sa\/fr\/ourportfolio\/\u0631\u062d\u0644\u0629-\u0627\u0644\u0649-\u0645\u0639\u0627\u0644\u0645-\u0627\u0644\u0645\u062f\u064a\u0646\u0629-\u0627\u0644\u0645\u0646\u0648\u0631\u0629-2\/\" class=\"link-btn2\">\n                                                        Voir plus                                                        <i class=\"fal fa-long-arrow-right\"><\/i>\n                                                        <i class=\"fal fa-long-arrow-right\"><\/i>\n                                                    <\/a>\n                                                <\/div>\n                                            <\/div>\n                                        <\/div>\n                                    <\/div>\n                                                    <\/div>\n                        <div class=\"row d-none\">\n                            <div class=\"col-xl-2\">\n                                <div class=\"portfolio__load mt-25\">\n                                    <a href=\"https:\/\/bdevs.net\/wp\/zibber\/portfolio\/\" class=\"z-btn z-btn-border\"><i class=\"fal fa-redo\"><\/i> Load more<\/a>\n                                <\/div>\n                            <\/div>\n                        <\/div>\n                    <\/div>\n                <\/section>\n\n\n            \t\t\t\t<\/div>\n\t\t\t\t<\/div>\n\t\t\t\t\t<\/div>\n\t\t<\/div>\n\t\t\t\t\t<\/div>\n\t\t<\/section>\n\t\t\t\t<\/div>\n\t\t","protected":false},"excerpt":{"rendered":"<p>Voyagez et apprenez avec les meilleures excursions Filter by: See All Le Saint Coran Voyages touristiques Langue arabe Lieux saints de M\u00e9dine Voyage aux monuments de M\u00e9dine Langue arabe, Le Saint Coran, Lieux saints de M\u00e9dine, Voyages touristiques Voir plus Voyage aux monuments de M\u00e9dine Langue arabe, Le Saint Coran, Lieux saints de M\u00e9dine, Voyages touristiques Voir plus Voyage aux monuments de M\u00e9dine Langue arabe, Le Saint Coran, Lieux saints de M\u00e9dine, Voyages touristiques Voir plus Voyage aux monuments de M\u00e9dine Langue arabe, Le Saint Coran, Lieux saints de M\u00e9dine, Voyages touristiques Voir plus Voyage aux monuments de M\u00e9dine Langue arabe, Le Saint Coran, Lieux saints de M\u00e9dine, Voyages touristiques Voir plus Voyage aux monuments de M\u00e9dine Langue arabe, Le Saint Coran, Lieux saints de M\u00e9dine, Voyages touristiques Voir plus Load more<\/p>\n","protected":false},"author":1,"featured_media":0,"parent":0,"menu_order":0,"comment_status":"closed","ping_status":"closed","template":"elementor_header_footer","meta":{"_acf_changed":false,"footnotes":""},"class_list":["post-7854","page","type-page","status-publish","hentry"],"acf":[],"aioseo_notices":[],"_links":{"self":[{"href":"https:\/\/rhabalmadinah.sa\/fr\/wp-json\/wp\/v2\/pages\/7854","targetHints":{"allow":["GET"]}}],"collection":[{"href":"https:\/\/rhabalmadinah.sa\/fr\/wp-json\/wp\/v2\/pages"}],"about":[{"href":"https:\/\/rhabalmadinah.sa\/fr\/wp-json\/wp\/v2\/types\/page"}],"author":[{"embeddable":true,"href":"https:\/\/rhabalmadinah.sa\/fr\/wp-json\/wp\/v2\/users\/1"}],"replies":[{"embeddable":true,"href":"https:\/\/rhabalmadinah.sa\/fr\/wp-json\/wp\/v2\/comments?post=7854"}],"version-history":[{"count":4,"href":"https:\/\/rhabalmadinah.sa\/fr\/wp-json\/wp\/v2\/pages\/7854\/revisions"}],"predecessor-version":[{"id":7859,"href":"https:\/\/rhabalmadinah.sa\/fr\/wp-json\/wp\/v2\/pages\/7854\/revisions\/7859"}],"wp:attachment":[{"href":"https:\/\/rhabalmadinah.sa\/fr\/wp-json\/wp\/v2\/media?parent=7854"}],"curies":[{"name":"wp","href":"https:\/\/api.w.org\/{rel}","templated":true}]}}