{"id":7819,"date":"2025-04-06T18:35:26","date_gmt":"2025-04-06T18:35:26","guid":{"rendered":"https:\/\/rhabalmadinah.sa\/faq\/"},"modified":"2025-04-06T19:04:14","modified_gmt":"2025-04-06T19:04:14","slug":"faq","status":"publish","type":"page","link":"https:\/\/rhabalmadinah.sa\/fr\/faq\/","title":{"rendered":"FAQ"},"content":{"rendered":"\t\t<div data-elementor-type=\"wp-page\" data-elementor-id=\"7819\" class=\"elementor elementor-7819 elementor-7765\" data-elementor-post-type=\"page\">\n\t\t\t\t\t\t<section class=\"elementor-section elementor-top-section elementor-element elementor-element-17a161e elementor-section-boxed elementor-section-height-default elementor-section-height-default wpr-particle-no wpr-jarallax-no wpr-parallax-no wpr-sticky-section-no\" data-id=\"17a161e\" data-element_type=\"section\">\n\t\t\t\t\t\t<div class=\"elementor-container elementor-column-gap-no\">\n\t\t\t\t\t<div class=\"elementor-column elementor-col-100 elementor-top-column elementor-element elementor-element-bce46fb\" data-id=\"bce46fb\" data-element_type=\"column\">\n\t\t\t<div class=\"elementor-widget-wrap elementor-element-populated\">\n\t\t\t\t\t\t<div class=\"elementor-element elementor-element-321ef93 elementor-widget elementor-widget-heading bdevs-el heading\" data-id=\"321ef93\" data-element_type=\"widget\" data-settings=\"{&quot;design_style&quot;:&quot;style_1&quot;}\" data-widget_type=\"heading.default\">\n\t\t\t\t<div class=\"elementor-widget-container\">\n\t\t\t\t\t                                    <div class=\"section__title-wrapper bdevs-el-content\">\n                                        <h2 class=\"section-title bdevs-el-title  bdevs-el-btn section__title\">Questions les plus fr\u00e9quemment pos\u00e9es <span class=\"yellow-bg yellow-bg-big\">Questions<img decoding=\"async\" src=\"https:\/\/bdevs.net\/wp\/educal\/wp-content\/themes\/educal\/assets\/img\/shape\/yellow-bg.png\" alt=\"\"><\/span><\/h2>                                    <\/div>\n            \n        \n\t\t\t\t<\/div>\n\t\t\t\t<\/div>\n\t\t\t\t<div class=\"elementor-element elementor-element-252bd55 elementor-widget elementor-widget-eael-adv-accordion\" data-id=\"252bd55\" data-element_type=\"widget\" data-widget_type=\"eael-adv-accordion.default\">\n\t\t\t\t<div class=\"elementor-widget-container\">\n\t\t\t\t\t        <div class=\"eael-adv-accordion\" id=\"eael-adv-accordion-252bd55\" data-scroll-on-click=\"no\" data-scroll-speed=\"300\" data-accordion-id=\"252bd55\" data-accordion-type=\"accordion\" data-toogle-speed=\"300\">\n    <div class=\"eael-accordion-list\">\n                <div id=\"1-quest-ce-que-rahab-al-madina-\" class=\"elementor-tab-title eael-accordion-header\" tabindex=\"0\" data-tab=\"1\" aria-controls=\"elementor-tab-content-3891\"><span class=\"eael-advanced-accordion-icon-closed\"><i aria-hidden=\"true\" class=\"fa-accordion-icon fas fa-plus\"><\/i><\/span><span class=\"eael-advanced-accordion-icon-opened\"><i aria-hidden=\"true\" class=\"fa-accordion-icon fas fa-minus\"><\/i><\/span><span class=\"eael-accordion-tab-title\">1. Qu'est-ce que Rahab Al-Madina ?<\/span><i aria-hidden=\"true\" class=\"fa-toggle fas fa-angle-right\"><\/i><\/div><div id=\"elementor-tab-content-3891\" class=\"eael-accordion-content clearfix\" data-tab=\"1\" aria-labelledby=\"1-quest-ce-que-rahab-al-madina-\"><p>Rahab Al-Madina est une plateforme \u00e9ducative et touristique offrant des cours de langue arabe, de Coran et de calligraphie arabe, ainsi que des visites culturelles pour explorer l&rsquo;histoire de M\u00e9dine.<\/p><\/div>\n                <\/div><div class=\"eael-accordion-list\">\n                <div id=\"2-les-cours-sont-ils-adapts-tous-les-niveaux-\" class=\"elementor-tab-title eael-accordion-header\" tabindex=\"0\" data-tab=\"2\" aria-controls=\"elementor-tab-content-3892\"><span class=\"eael-advanced-accordion-icon-closed\"><i aria-hidden=\"true\" class=\"fa-accordion-icon fas fa-plus\"><\/i><\/span><span class=\"eael-advanced-accordion-icon-opened\"><i aria-hidden=\"true\" class=\"fa-accordion-icon fas fa-minus\"><\/i><\/span><span class=\"eael-accordion-tab-title\">2. Les cours sont-ils adapt\u00e9s \u00e0 tous les niveaux ?<\/span><i aria-hidden=\"true\" class=\"fa-toggle fas fa-angle-right\"><\/i><\/div><div id=\"elementor-tab-content-3892\" class=\"eael-accordion-content clearfix\" data-tab=\"2\" aria-labelledby=\"2-les-cours-sont-ils-adapts-tous-les-niveaux-\"><p>Oui, nous proposons des cours adapt\u00e9s \u00e0 tous les niveaux, des d\u00e9butants aux avanc\u00e9s, avec des programmes con\u00e7us pour les enfants et les adultes.<\/p><\/div>\n                <\/div><div class=\"eael-accordion-list\">\n                <div id=\"3-puis-je-participer-aux-visites-touristiques-sans-minscrire-aux-cours-\" class=\"elementor-tab-title eael-accordion-header\" tabindex=\"0\" data-tab=\"3\" aria-controls=\"elementor-tab-content-3893\"><span class=\"eael-advanced-accordion-icon-closed\"><i aria-hidden=\"true\" class=\"fa-accordion-icon fas fa-plus\"><\/i><\/span><span class=\"eael-advanced-accordion-icon-opened\"><i aria-hidden=\"true\" class=\"fa-accordion-icon fas fa-minus\"><\/i><\/span><span class=\"eael-accordion-tab-title\">3. Puis-je participer aux visites touristiques sans m'inscrire aux cours ?<\/span><i aria-hidden=\"true\" class=\"fa-toggle fas fa-angle-right\"><\/i><\/div><div id=\"elementor-tab-content-3893\" class=\"eael-accordion-content clearfix\" data-tab=\"3\" aria-labelledby=\"3-puis-je-participer-aux-visites-touristiques-sans-minscrire-aux-cours-\"><p>Oui, vous pouvez r\u00e9server les visites touristiques ind\u00e9pendamment des cours \u00e9ducatifs.<\/p><\/div>\n                <\/div><div class=\"eael-accordion-list\">\n                <div id=\"4-les-cours-sont-ils-proposs-en-direct-ou-prenregistrs-\" class=\"elementor-tab-title eael-accordion-header\" tabindex=\"0\" data-tab=\"4\" aria-controls=\"elementor-tab-content-3894\"><span class=\"eael-advanced-accordion-icon-closed\"><i aria-hidden=\"true\" class=\"fa-accordion-icon fas fa-plus\"><\/i><\/span><span class=\"eael-advanced-accordion-icon-opened\"><i aria-hidden=\"true\" class=\"fa-accordion-icon fas fa-minus\"><\/i><\/span><span class=\"eael-accordion-tab-title\">4. Les cours sont-ils propos\u00e9s en direct ou pr\u00e9enregistr\u00e9s ?<\/span><i aria-hidden=\"true\" class=\"fa-toggle fas fa-angle-right\"><\/i><\/div><div id=\"elementor-tab-content-3894\" class=\"eael-accordion-content clearfix\" data-tab=\"4\" aria-labelledby=\"4-les-cours-sont-ils-proposs-en-direct-ou-prenregistrs-\"><p>Nous proposons des cours pr\u00e9enregistr\u00e9s accessibles \u00e0 tout moment, ainsi que des sessions en direct avec des instructeurs.<\/p><\/div>\n                <\/div><div class=\"eael-accordion-list\">\n                <div id=\"5-est-ce-quil-y-a-des-certificats-accrdits-aprs-avoir-termin-les-cours-\" class=\"elementor-tab-title eael-accordion-header\" tabindex=\"0\" data-tab=\"5\" aria-controls=\"elementor-tab-content-3895\"><span class=\"eael-advanced-accordion-icon-closed\"><i aria-hidden=\"true\" class=\"fa-accordion-icon fas fa-plus\"><\/i><\/span><span class=\"eael-advanced-accordion-icon-opened\"><i aria-hidden=\"true\" class=\"fa-accordion-icon fas fa-minus\"><\/i><\/span><span class=\"eael-accordion-tab-title\">5. Est-ce qu'il y a des certificats accr\u00e9dit\u00e9s apr\u00e8s avoir termin\u00e9 les cours ?<\/span><i aria-hidden=\"true\" class=\"fa-toggle fas fa-angle-right\"><\/i><\/div><div id=\"elementor-tab-content-3895\" class=\"eael-accordion-content clearfix\" data-tab=\"5\" aria-labelledby=\"5-est-ce-quil-y-a-des-certificats-accrdits-aprs-avoir-termin-les-cours-\"><p>Oui, les participants re\u00e7oivent des certificats de r\u00e9ussite apr\u00e8s avoir termin\u00e9 les cours avec succ\u00e8s.<\/p><\/div>\n                <\/div><div class=\"eael-accordion-list\">\n                <div id=\"6-comment-puis-je-effectuer-un-paiement-\" class=\"elementor-tab-title eael-accordion-header\" tabindex=\"0\" data-tab=\"6\" aria-controls=\"elementor-tab-content-3896\"><span class=\"eael-advanced-accordion-icon-closed\"><i aria-hidden=\"true\" class=\"fa-accordion-icon fas fa-plus\"><\/i><\/span><span class=\"eael-advanced-accordion-icon-opened\"><i aria-hidden=\"true\" class=\"fa-accordion-icon fas fa-minus\"><\/i><\/span><span class=\"eael-accordion-tab-title\">6. Comment puis-je effectuer un paiement ?<\/span><i aria-hidden=\"true\" class=\"fa-toggle fas fa-angle-right\"><\/i><\/div><div id=\"elementor-tab-content-3896\" class=\"eael-accordion-content clearfix\" data-tab=\"6\" aria-labelledby=\"6-comment-puis-je-effectuer-un-paiement-\"><p>Nous proposons plusieurs m\u00e9thodes de paiement s\u00e9curis\u00e9es, telles que les cartes bancaires, les virements bancaires et les paiements \u00e9lectroniques.<\/p><\/div>\n                <\/div><div class=\"eael-accordion-list\">\n                <div id=\"7-y-a-t-il-un-support-technique-si-je-rencontre-un-problme-\" class=\"elementor-tab-title eael-accordion-header\" tabindex=\"0\" data-tab=\"7\" aria-controls=\"elementor-tab-content-3897\"><span class=\"eael-advanced-accordion-icon-closed\"><i aria-hidden=\"true\" class=\"fa-accordion-icon fas fa-plus\"><\/i><\/span><span class=\"eael-advanced-accordion-icon-opened\"><i aria-hidden=\"true\" class=\"fa-accordion-icon fas fa-minus\"><\/i><\/span><span class=\"eael-accordion-tab-title\">7. Y a-t-il un support technique si je rencontre un probl\u00e8me ?<\/span><i aria-hidden=\"true\" class=\"fa-toggle fas fa-angle-right\"><\/i><\/div><div id=\"elementor-tab-content-3897\" class=\"eael-accordion-content clearfix\" data-tab=\"7\" aria-labelledby=\"7-y-a-t-il-un-support-technique-si-je-rencontre-un-problme-\"><p>Oui, nous avons une \u00e9quipe de support disponible 24h\/24 et 7j\/7 pour vous aider avec toute question ou probl\u00e8me technique.<\/p><\/div>\n                <\/div><\/div>\t\t\t\t<\/div>\n\t\t\t\t<\/div>\n\t\t\t\t\t<\/div>\n\t\t<\/div>\n\t\t\t\t\t<\/div>\n\t\t<\/section>\n\t\t\t\t<section class=\"elementor-section elementor-top-section elementor-element elementor-element-0ab33eb elementor-section-boxed elementor-section-height-default elementor-section-height-default wpr-particle-no wpr-jarallax-no wpr-parallax-no wpr-sticky-section-no\" data-id=\"0ab33eb\" data-element_type=\"section\">\n\t\t\t\t\t\t<div class=\"elementor-container elementor-column-gap-default\">\n\t\t\t\t\t<div class=\"elementor-column elementor-col-100 elementor-top-column elementor-element elementor-element-c9d3eb7\" data-id=\"c9d3eb7\" data-element_type=\"column\">\n\t\t\t<div class=\"elementor-widget-wrap elementor-element-populated\">\n\t\t\t\t\t\t<div class=\"elementor-element elementor-element-e51a4e4 elementor-widget elementor-widget-cta bdevs-el cta\" data-id=\"e51a4e4\" data-element_type=\"widget\" data-settings=\"{&quot;design_style&quot;:&quot;style_2&quot;}\" data-widget_type=\"cta.default\">\n\t\t\t\t<div class=\"elementor-widget-container\">\n\t\t\t\t\t\n        \n\n            <section class=\"cta__area\">\n                <div class=\"container\">\n                    <div class=\"cta__inner cta__inner-2 blue-bg fix\">\n                                                <div class=\"row align-items-center\">\n                            <div class=\"col-xxl-7 col-xl-7 col-lg-7 col-md-6\">\n                                <div class=\"cta__content bdevs-el-content\">\n                                    <h3 class=\"cta__title bdevs-el-title\">Vous pouvez acc\u00e9der \u00e0 ce dont vous avez besoin uniquement avec notre aide.<\/h3>                                <\/div>\n                            <\/div>\n                            <div class=\"col-xxl-5 col-xl-5 col-lg-5 col-md-6\">\n                                <div class=\"cta__apps d-lg-flex justify-content-end p-relative z-index-1\">\n                                    <!-- Button one  -->\n                                                                            <a class=\"mr-10  bdevs-el-btn\" href=\"https:\/\/rhabalmadinah.sa\/contact\/\">Contactez-nous maintenant.<\/a>                                    \n                                    <!-- Button 2  -->\n\n                                                                    <\/div>\n                            <\/div>\n                        <\/div>\n                    <\/div>\n                <\/div>\n            <\/section>\n\n        \t\t\t\t<\/div>\n\t\t\t\t<\/div>\n\t\t\t\t\t<\/div>\n\t\t<\/div>\n\t\t\t\t\t<\/div>\n\t\t<\/section>\n\t\t\t\t<\/div>\n\t\t","protected":false},"excerpt":{"rendered":"<p>Questions les plus fr\u00e9quemment pos\u00e9es Questions 1. Qu&rsquo;est-ce que Rahab Al-Madina ? Rahab Al-Madina est une plateforme \u00e9ducative et touristique offrant des cours de langue arabe, de Coran et de calligraphie arabe, ainsi que des visites culturelles pour explorer l&#8217;histoire de M\u00e9dine. 2. Les cours sont-ils adapt\u00e9s \u00e0 tous les niveaux ? Oui, nous proposons des cours adapt\u00e9s \u00e0 tous les niveaux, des d\u00e9butants aux avanc\u00e9s, avec des programmes con\u00e7us pour les enfants et les adultes. 3. Puis-je participer aux visites touristiques sans m&rsquo;inscrire aux cours ? Oui, vous pouvez r\u00e9server les visites touristiques ind\u00e9pendamment des cours \u00e9ducatifs. 4. Les cours sont-ils propos\u00e9s en direct ou pr\u00e9enregistr\u00e9s ? Nous proposons des cours pr\u00e9enregistr\u00e9s accessibles \u00e0 tout moment, ainsi que des sessions en direct avec des instructeurs. 5. Est-ce qu&rsquo;il y a des certificats accr\u00e9dit\u00e9s apr\u00e8s avoir termin\u00e9 les cours ? Oui, les participants re\u00e7oivent des certificats de r\u00e9ussite apr\u00e8s avoir termin\u00e9 les cours avec succ\u00e8s. 6. Comment puis-je effectuer un paiement ? Nous proposons plusieurs m\u00e9thodes de paiement s\u00e9curis\u00e9es, telles que les cartes bancaires, les virements bancaires et les paiements \u00e9lectroniques. 7. Y a-t-il un support technique si je rencontre un probl\u00e8me ? Oui, nous avons une \u00e9quipe de support disponible 24h\/24 et 7j\/7 pour vous aider avec toute question ou probl\u00e8me technique. Vous pouvez acc\u00e9der \u00e0 ce dont vous avez besoin uniquement avec notre aide. Contactez-nous maintenant.<\/p>\n","protected":false},"author":1,"featured_media":0,"parent":0,"menu_order":0,"comment_status":"closed","ping_status":"closed","template":"","meta":{"_acf_changed":false,"footnotes":""},"class_list":["post-7819","page","type-page","status-publish","hentry"],"acf":[],"aioseo_notices":[],"_links":{"self":[{"href":"https:\/\/rhabalmadinah.sa\/fr\/wp-json\/wp\/v2\/pages\/7819","targetHints":{"allow":["GET"]}}],"collection":[{"href":"https:\/\/rhabalmadinah.sa\/fr\/wp-json\/wp\/v2\/pages"}],"about":[{"href":"https:\/\/rhabalmadinah.sa\/fr\/wp-json\/wp\/v2\/types\/page"}],"author":[{"embeddable":true,"href":"https:\/\/rhabalmadinah.sa\/fr\/wp-json\/wp\/v2\/users\/1"}],"replies":[{"embeddable":true,"href":"https:\/\/rhabalmadinah.sa\/fr\/wp-json\/wp\/v2\/comments?post=7819"}],"version-history":[{"count":3,"href":"https:\/\/rhabalmadinah.sa\/fr\/wp-json\/wp\/v2\/pages\/7819\/revisions"}],"predecessor-version":[{"id":7823,"href":"https:\/\/rhabalmadinah.sa\/fr\/wp-json\/wp\/v2\/pages\/7819\/revisions\/7823"}],"wp:attachment":[{"href":"https:\/\/rhabalmadinah.sa\/fr\/wp-json\/wp\/v2\/media?parent=7819"}],"curies":[{"name":"wp","href":"https:\/\/api.w.org\/{rel}","templated":true}]}}